{"id":7244,"date":"2021-08-10T15:30:01","date_gmt":"2021-08-10T15:30:01","guid":{"rendered":"https:\/\/campinggavina.com\/gastronomia\/"},"modified":"2026-04-14T13:50:18","modified_gmt":"2026-04-14T13:50:18","slug":"gastronomia","status":"publish","type":"page","link":"https:\/\/campinggavina.com\/nl\/gastronomia\/","title":{"rendered":"GASTRONOMIE"},"content":{"rendered":"\n\n  <div class=\"banner has-hover\" id=\"banner-1274932464\">\n          <div class=\"banner-inner fill\">\n        <div class=\"banner-bg fill\" >\n            <img loading=\"lazy\" decoding=\"async\" width=\"1920\" height=\"2560\" src=\"https:\/\/campinggavina.com\/wp-content\/uploads\/2024\/05\/IMG_0181-scaled.jpg\" class=\"bg attachment-original size-original\" alt=\"\" \/>                        <div class=\"overlay\"><\/div>            \n                    <\/div>\n\t\t\n        <div class=\"banner-layers container\">\n            <div class=\"fill banner-link\"><\/div>            \n\n   <div id=\"text-box-62684418\" class=\"text-box banner-layer x50 md-x50 lg-x50 y50 md-y50 lg-y50 res-text\">\n                                <div class=\"text-box-content text dark\">\n              \n              <div class=\"text-inner text-center\">\n                  \n\n<h1 class=\"uppercase\">gastronomIE<\/h1>\n\n              <\/div>\n           <\/div>\n                            \n<style>\n#text-box-62684418 {\n  width: 80%;\n}\n#text-box-62684418 .text-box-content {\n  font-size: 100%;\n}\n@media (min-width:550px) {\n  #text-box-62684418 {\n    width: 60%;\n  }\n}\n<\/style>\n    <\/div>\n \n\t<div class=\"img has-hover show-for-small x50 md-x50 lg-x50 y100 md-y50 lg-y50\" id=\"image_1615456880\">\n\t\t\t\t\t\t\t\t<div class=\"img-inner dark\" >\n\t\t\t\t\t\t\t\t\t\n\t\t\t\t\t<\/div>\n\t\t\t\t\t\t\t\t\n<style>\n#image_1615456880 {\n  width: 100%;\n}\n<\/style>\n\t<\/div>\n\t\n\n\n        <\/div>\n      <\/div>\n\n            \n<style>\n#banner-1274932464 {\n  padding-top: 584px;\n}\n#banner-1274932464 .overlay {\n  background-color: rgba(0, 0, 0, 0.471);\n}\n#banner-1274932464 .banner-bg img {\n  object-position: 40% 71%;\n}\n@media (min-width:550px) {\n  #banner-1274932464 {\n    padding-top: 850px;\n  }\n}\n<\/style>\n  <\/div>\n\n\n\n\t<section class=\"section\" id=\"section_307627482\">\n\t\t<div class=\"section-bg fill\" >\n\t\t\t\t\t\t\t\t\t\n\t\t\t\n\n\t\t<\/div>\n\n\t\t\n\n\t\t<div class=\"section-content relative\">\n\t\t\t\n\n<div class=\"row\"  id=\"row-1521409402\">\n\n\n\t<div id=\"col-1874167508\" class=\"col small-12 large-12\"  >\n\t\t\t\t<div class=\"col-inner text-center\"  >\n\t\t\t\n\t\t\t\n\n<h4><strong>Het restaurant van camping Gavina Village is een unieke plek in Creixell, Costa Dorada. Hier wordt de lokale slowfood keuken gecombineerd in een met zorg ingerichte ruimte, en een onvergelijkbare natuurlijke omgeving.<\/strong><\/h4>\n<h4><strong>Geniet van de smaak van de beste gerechten uit de mediterrane keuken, bereid door onze professionele koks, in het restaurant gelegen naast het strand en met uitzicht op zee. U kunt er zeker van zijn dat u vele gerechten zult vinden waar u van zult houden.<\/strong><\/h4>\n\n\t\t<\/div>\n\t\t\t\t\t<\/div>\n\n\t\n\n<\/div>\n<div class=\"row row-collapse align-middle\" style=\"max-width:1400px\" id=\"row-2064062551\">\n\n\n\t<div id=\"col-1484144373\" class=\"col medium-12 small-12 large-5\"  >\n\t\t\t\t<div class=\"col-inner\"  >\n\t\t\t\n\t\t\t\n\n\n  <div class=\"banner has-hover\" id=\"banner-1645662724\">\n          <div class=\"banner-inner fill\">\n        <div class=\"banner-bg fill\" >\n            <img loading=\"lazy\" decoding=\"async\" width=\"2560\" height=\"1440\" src=\"https:\/\/campinggavina.com\/wp-content\/uploads\/2024\/05\/DJI_20240420191047_0281_D-scaled.jpg\" class=\"bg attachment-original size-original\" alt=\"\" \/>                                    \n                    <\/div>\n\t\t\n        <div class=\"banner-layers container\">\n            <div class=\"fill banner-link\"><\/div>            \n\n\n        <\/div>\n      <\/div>\n\n            \n<style>\n#banner-1645662724 {\n  padding-top: 250px;\n  background-color: rgb(239, 241, 241);\n}\n#banner-1645662724 .banner-bg img {\n  object-position: 56% 18%;\n}\n@media (min-width:550px) {\n  #banner-1645662724 {\n    padding-top: 400px;\n  }\n}\n<\/style>\n  <\/div>\n\n\n\n\t\t<\/div>\n\t\t\t\t\n<style>\n#col-1484144373 > .col-inner {\n  margin: 0px 0px 0px 0;\n}\n<\/style>\n\t<\/div>\n\n\t\n\n\t<div id=\"col-530346475\" class=\"col medium-11 small-12 large-7\"  >\n\t\t\t\t<div class=\"col-inner\"  >\n\t\t\t\n\t<div class=\"is-border\"\n\t\tstyle=\"border-color:rgb(118, 125, 115);border-width:1px 1px 1px 1;\">\n\t<\/div>\n\t\t\t\n\n<p><strong>Restaurant aan zee in<\/strong><\/p>\n\t<div id=\"text-4010094773\" class=\"text\">\n\t\t\n\n<h2 data-line-height=\"xs\">Camping Gavina Village<\/h2>\n\t\t\n<style>\n#text-4010094773 {\n  font-size: 1.4rem;\n}\n<\/style>\n\t<\/div>\n\t\n<p><span style=\"font-weight: 400;\">U kunt ook genieten van de zomerse dagen en nachten in onze strandbar op het zand van Creixell Beach. &#8217;s Ochtends en &#8217;s middags aperitief en restaurantservice, en &#8217;s avonds cocktails en livemuziek. <strong>Beleef een unieke ervaring met lokale gerechten in een ongelooflijke ruimte. Gavina laat u voelen!<\/strong><\/span><\/p>\n<a href=\"https:\/\/campinggavina.com\/wp-content\/uploads\/2026\/04\/Carta-Gavina-Restaurant.pdf\" target=\"_blank\" class=\"button success\" rel=\"noopener\" >\n\t<i class=\"icon-menu\" aria-hidden=\"true\"><\/i>\t<span>Menu<\/span>\n\t<\/a>\n\n\n\t<div id=\"gap-630426596\" class=\"gap-element clearfix\" style=\"display:block; height:auto;\">\n\t\t\n<style>\n#gap-630426596 {\n  padding-top: 5px;\n}\n<\/style>\n\t<\/div>\n\t\n\n\n\t\t<\/div>\n\t\t\t\t\n<style>\n#col-530346475 > .col-inner {\n  padding: 24px 26px 0px 27px;\n  margin: 0px 0px 0px 0;\n}\n@media (min-width:550px) {\n  #col-530346475 > .col-inner {\n    padding: 0px 0px 0px 0;\n    margin: 0px 0px 0px -32px;\n  }\n}\n@media (min-width:850px) {\n  #col-530346475 > .col-inner {\n    padding: 5% 15% 5% 15%;\n  }\n}\n<\/style>\n\t<\/div>\n\n\t\n\n<\/div>\n\t<div id=\"gap-168470668\" class=\"gap-element clearfix\" style=\"display:block; height:auto;\">\n\t\t\n<style>\n#gap-168470668 {\n  padding-top: 30px;\n}\n<\/style>\n\t<\/div>\n\t\n\n<div class=\"row row-collapse align-middle\" style=\"max-width:1400px\" id=\"row-1451788029\">\n\n\n\t<div id=\"col-717475946\" class=\"col medium-11 small-12 large-7\"  >\n\t\t\t\t<div class=\"col-inner\"  >\n\t\t\t\n\t<div class=\"is-border\"\n\t\tstyle=\"border-color:rgb(118, 125, 115);border-width:1px 1px 1px 1;\">\n\t<\/div>\n\t\t\t\n\n\t<div id=\"text-1223869351\" class=\"text\">\n\t\t\n\n<h2 data-line-height=\"xs\">BEACH CLUB<\/h2>\n\t\t\n<style>\n#text-1223869351 {\n  font-size: 1.4rem;\n}\n<\/style>\n\t<\/div>\n\t\n<p>Ontdek de nieuwe Beach Club van Camping Gavina, een van onze nieuwigheden voor het seizoen 2024.<\/p>\n<p>De perfecte plek om te genieten van openluchtconcerten, onze cocktails te proeven met uitzicht op het strand van Creixell of onze gezondste gerechten te proberen in een unieke ruimte op de camping.<\/p>\n<p>We wachten op je!<\/p>\n\t<div id=\"gap-1221092483\" class=\"gap-element clearfix\" style=\"display:block; height:auto;\">\n\t\t\n<style>\n#gap-1221092483 {\n  padding-top: 5px;\n}\n<\/style>\n\t<\/div>\n\t\n\n<a href=\"https:\/\/campinggavina.com\/wp-content\/uploads\/2026\/04\/Beach-Club-ESP-y-ENG.pdf\" target=\"_blank\" class=\"button success\" rel=\"noopener\" >\n\t<i class=\"icon-menu\" aria-hidden=\"true\"><\/i>\t<span>Beach Club Menu<\/span>\n\t<\/a>\n\n\n\n\t\t<\/div>\n\t\t\t\t\n<style>\n#col-717475946 > .col-inner {\n  padding: 24px 26px 0px 27px;\n  margin: 0px 0px 0px 0;\n}\n@media (min-width:550px) {\n  #col-717475946 > .col-inner {\n    padding: 0px 0px 0px 0;\n    margin: 0px 0px 0px -32px;\n  }\n}\n@media (min-width:850px) {\n  #col-717475946 > .col-inner {\n    padding: 5% 15% 5% 15%;\n  }\n}\n<\/style>\n\t<\/div>\n\n\t\n\n\t<div id=\"col-381139082\" class=\"col medium-12 small-12 large-5\"  >\n\t\t\t\t<div class=\"col-inner\"  >\n\t\t\t\n\t\t\t\n\n<div class=\"slider-wrapper relative\" id=\"slider-531812219\" >\n    <div class=\"slider slider-nav-dots-dashes slider-nav-simple slider-nav-large slider-nav-light slider-style-normal\"\n        data-flickity-options='{\n            \"cellAlign\": \"center\",\n            \"imagesLoaded\": true,\n            \"lazyLoad\": 1,\n            \"freeScroll\": false,\n            \"wrapAround\": true,\n            \"autoPlay\": 6000,\n            \"pauseAutoPlayOnHover\" : true,\n            \"prevNextButtons\": true,\n            \"contain\" : true,\n            \"adaptiveHeight\" : true,\n            \"dragThreshold\" : 10,\n            \"percentPosition\": true,\n            \"pageDots\": true,\n            \"rightToLeft\": false,\n            \"draggable\": true,\n            \"selectedAttraction\": 0.1,\n            \"parallax\" : 0,\n            \"friction\": 0.6        }'\n        >\n        \n\n\n  <div class=\"banner has-hover has-slide-effect slide-zoom-in\" id=\"banner-500433274\">\n          <div class=\"banner-inner fill\">\n        <div class=\"banner-bg fill\" >\n            <img loading=\"lazy\" decoding=\"async\" width=\"2560\" height=\"1440\" src=\"https:\/\/campinggavina.com\/wp-content\/uploads\/2024\/05\/DJI_20240420191121_0284_D-scaled.jpg\" class=\"bg attachment-original size-original\" alt=\"\" \/>                                    \n                    <\/div>\n\t\t\n        <div class=\"banner-layers container\">\n            <div class=\"fill banner-link\"><\/div>            \n\n\n        <\/div>\n      <\/div>\n\n            \n<style>\n#banner-500433274 {\n  padding-top: 400px;\n}\n<\/style>\n  <\/div>\n\n\n\n  <div class=\"banner has-hover has-slide-effect slide-zoom-in\" id=\"banner-345579974\">\n          <div class=\"banner-inner fill\">\n        <div class=\"banner-bg fill\" >\n            <img loading=\"lazy\" decoding=\"async\" width=\"1920\" height=\"2560\" src=\"https:\/\/campinggavina.com\/wp-content\/uploads\/2024\/05\/IMG_2713-scaled.jpg\" class=\"bg attachment-original size-original\" alt=\"\" \/>                                    \n                    <\/div>\n\t\t\n        <div class=\"banner-layers container\">\n            <div class=\"fill banner-link\"><\/div>            \n\n\n        <\/div>\n      <\/div>\n\n            \n<style>\n#banner-345579974 {\n  padding-top: 400px;\n}\n#banner-345579974 .banner-bg img {\n  object-position: 0% 47%;\n}\n<\/style>\n  <\/div>\n\n\n\n  <div class=\"banner has-hover has-slide-effect slide-zoom-in\" id=\"banner-190219725\">\n          <div class=\"banner-inner fill\">\n        <div class=\"banner-bg fill\" >\n            <img loading=\"lazy\" decoding=\"async\" width=\"1920\" height=\"2560\" src=\"https:\/\/campinggavina.com\/wp-content\/uploads\/2024\/05\/IMG_9994-scaled.jpg\" class=\"bg attachment-original size-original\" alt=\"\" \/>                                    \n                    <\/div>\n\t\t\n        <div class=\"banner-layers container\">\n            <div class=\"fill banner-link\"><\/div>            \n\n\n        <\/div>\n      <\/div>\n\n            \n<style>\n#banner-190219725 {\n  padding-top: 400px;\n}\n#banner-190219725 .banner-bg img {\n  object-position: 10% 42%;\n}\n<\/style>\n  <\/div>\n\n\n\n     <\/div>\n\n     <div class=\"loading-spin dark large centered\"><\/div>\n\n\t<\/div>\n\n\n\n\t\t<\/div>\n\t\t\t\t\n<style>\n#col-381139082 > .col-inner {\n  margin: 0px 0px 0px 0;\n}\n<\/style>\n\t<\/div>\n\n\t\n\n<\/div>\n\t<div id=\"gap-1714885672\" class=\"gap-element clearfix\" style=\"display:block; height:auto;\">\n\t\t\n<style>\n#gap-1714885672 {\n  padding-top: 30px;\n}\n<\/style>\n\t<\/div>\n\t\n\n<div class=\"row row-collapse align-middle\" style=\"max-width:1400px\" id=\"row-2042734219\">\n\n\n\t<div id=\"col-1676562357\" class=\"col medium-12 small-12 large-5\"  >\n\t\t\t\t<div class=\"col-inner\"  >\n\t\t\t\n\t\t\t\n\n\n  <div class=\"banner has-hover\" id=\"banner-1767632150\">\n          <div class=\"banner-inner fill\">\n        <div class=\"banner-bg fill\" >\n            <img decoding=\"async\" src=\"https:\/\/campinggavina.com\/wp-content\/uploads\/2023\/01\/hamburgers-and-hotdogs-with-smoke-and-flames-on-gr-2022-03-30-00-21-41-utc-scaled.jpg\" class=\"bg attachment-original size-original\" alt=\"\" \/>                                    \n                    <\/div>\n\t\t\n        <div class=\"banner-layers container\">\n            <div class=\"fill banner-link\"><\/div>            \n\n\n        <\/div>\n      <\/div>\n\n            \n<style>\n#banner-1767632150 {\n  padding-top: 250px;\n  background-color: rgb(239, 241, 241);\n}\n#banner-1767632150 .banner-bg img {\n  object-position: 56% 18%;\n}\n@media (min-width:550px) {\n  #banner-1767632150 {\n    padding-top: 400px;\n  }\n}\n<\/style>\n  <\/div>\n\n\n\t<div id=\"gap-817835164\" class=\"gap-element clearfix\" style=\"display:block; height:auto;\">\n\t\t\n<style>\n#gap-817835164 {\n  padding-top: 30px;\n}\n<\/style>\n\t<\/div>\n\t\n\n\n\t\t<\/div>\n\t\t\t\t\n<style>\n#col-1676562357 > .col-inner {\n  margin: 0px 0px 0px 0;\n}\n<\/style>\n\t<\/div>\n\n\t\n\n\t<div id=\"col-922375992\" class=\"col medium-11 small-12 large-7\"  >\n\t\t\t\t<div class=\"col-inner\"  >\n\t\t\t\n\t<div class=\"is-border\"\n\t\tstyle=\"border-color:rgb(118, 125, 115);border-width:1px 1px 1px 1;\">\n\t<\/div>\n\t\t\t\n\n\t<div id=\"text-1054204363\" class=\"text\">\n\t\t\n\n<h2 data-line-height=\"xs\">CON-TENEDOR<\/h2>\n\t\t\n<style>\n#text-1054204363 {\n  font-size: 1.4rem;\n}\n<\/style>\n\t<\/div>\n\t\n<p><span style=\"font-weight: 400;\">In onze Snak Bar naast het zwembad en vlak voor de picknickplaats en de Mini-Club kun je genieten van een gevarieerd en vers bereid culinair aanbod. Hamburgers, hotdogs en andere gezonde gerechten zijn de ideale opties om je vrije tijd optimaal te benutten.<br \/><\/span><\/p>\n\t<div id=\"gap-1936768214\" class=\"gap-element clearfix\" style=\"display:block; height:auto;\">\n\t\t\n<style>\n#gap-1936768214 {\n  padding-top: 5px;\n}\n<\/style>\n\t<\/div>\n\t\n\n\n\t\t<\/div>\n\t\t\t\t\n<style>\n#col-922375992 > .col-inner {\n  padding: 24px 26px 0px 27px;\n  margin: 0px 0px 0px 0;\n}\n@media (min-width:550px) {\n  #col-922375992 > .col-inner {\n    padding: 0px 0px 0px 0;\n    margin: 0px 0px 0px -32px;\n  }\n}\n@media (min-width:850px) {\n  #col-922375992 > .col-inner {\n    padding: 5% 15% 5% 15%;\n  }\n}\n<\/style>\n\t<\/div>\n\n\t\n\n<\/div>\n\t<div id=\"gap-1660042835\" class=\"gap-element clearfix\" style=\"display:block; height:auto;\">\n\t\t\n<style>\n#gap-1660042835 {\n  padding-top: 5px;\n}\n<\/style>\n\t<\/div>\n\t\n\n<div class=\"row row-collapse align-middle\" style=\"max-width:1400px\" id=\"row-253732750\">\n\n\n\t<div id=\"col-567045788\" class=\"col medium-11 small-12 large-7\"  >\n\t\t\t\t<div class=\"col-inner\"  >\n\t\t\t\n\t<div class=\"is-border\"\n\t\tstyle=\"border-color:rgb(118, 125, 115);border-width:1px 1px 1px 1;\">\n\t<\/div>\n\t\t\t\n\n\t<div id=\"text-4239951978\" class=\"text\">\n\t\t\n\n<h2 data-line-height=\"xs\">TAKE AWAY<\/h2>\n\t\t\n<style>\n#text-4239951978 {\n  font-size: 1.4rem;\n}\n<\/style>\n\t<\/div>\n\t\n<p>Als je hebt besloten om niet te koken, geen probleem! Onze Take Away naast de supermarkt biedt de oplossing. Lekkere vers gemaakte pizza&#8217;s, salades naar smaak, heerlijke kip a l&#8217;Ast, en nog veel meer, zodat je je tijd kunt besteden aan het genieten van onze faciliteiten, vrije tijd en de rust van de camping.<\/p>\n<a href=\"https:\/\/campinggavina.com\/wp-content\/uploads\/2025\/08\/TAKE-AWAY-2025.pdf\" target=\"_blank\" class=\"button success\" rel=\"noopener\" >\n\t<i class=\"icon-menu\" aria-hidden=\"true\"><\/i>\t<span>Take Away Menu<\/span>\n\t<\/a>\n\n\n\t<div id=\"gap-588862195\" class=\"gap-element clearfix\" style=\"display:block; height:auto;\">\n\t\t\n<style>\n#gap-588862195 {\n  padding-top: 5px;\n}\n<\/style>\n\t<\/div>\n\t\n\n\n\t\t<\/div>\n\t\t\t\t\n<style>\n#col-567045788 > .col-inner {\n  padding: 24px 26px 0px 27px;\n  margin: 0px 0px 0px 0;\n}\n@media (min-width:550px) {\n  #col-567045788 > .col-inner {\n    padding: 0px 0px 0px 0;\n    margin: 0px 0px 0px -32px;\n  }\n}\n@media (min-width:850px) {\n  #col-567045788 > .col-inner {\n    padding: 5% 15% 5% 15%;\n  }\n}\n<\/style>\n\t<\/div>\n\n\t\n\n\t<div id=\"col-675793968\" class=\"col medium-12 small-12 large-5\"  >\n\t\t\t\t<div class=\"col-inner\"  >\n\t\t\t\n\t\t\t\n\n\n  <div class=\"banner has-hover\" id=\"banner-1377320460\">\n          <div class=\"banner-inner fill\">\n        <div class=\"banner-bg fill\" >\n            <img loading=\"lazy\" decoding=\"async\" width=\"2560\" height=\"2233\" src=\"https:\/\/campinggavina.com\/wp-content\/uploads\/2023\/01\/take-away-pizza-margherita-in-the-box-flat-lay-2022-11-15-16-42-06-utc-scaled.jpg\" class=\"bg attachment-original size-original\" alt=\"\" \/>                                    \n                    <\/div>\n\t\t\n        <div class=\"banner-layers container\">\n            <div class=\"fill banner-link\"><\/div>            \n\n\n        <\/div>\n      <\/div>\n\n            \n<style>\n#banner-1377320460 {\n  padding-top: 250px;\n  background-color: rgb(239, 241, 241);\n}\n#banner-1377320460 .banner-bg img {\n  object-position: 55% 36%;\n}\n@media (min-width:550px) {\n  #banner-1377320460 {\n    padding-top: 400px;\n  }\n}\n<\/style>\n  <\/div>\n\n\n\n\t\t<\/div>\n\t\t\t\t\n<style>\n#col-675793968 > .col-inner {\n  margin: 0px 0px 0px 0;\n}\n<\/style>\n\t<\/div>\n\n\t\n\n<\/div>\n\n\t\t<\/div>\n\n\t\t\n<style>\n#section_307627482 {\n  padding-top: 55px;\n  padding-bottom: 55px;\n}\n@media (min-width:550px) {\n  #section_307627482 {\n    padding-top: 0px;\n    padding-bottom: 0px;\n  }\n}\n@media (min-width:850px) {\n  #section_307627482 {\n    padding-top: 91px;\n    padding-bottom: 91px;\n  }\n}\n<\/style>\n\t<\/section>\n\t\n\n\t<section class=\"section\" id=\"section_2017664825\">\n\t\t<div class=\"section-bg fill\" >\n\t\t\t\t\t\t\t\t\t<div class=\"section-bg-overlay absolute fill\"><\/div>\n\t\t\t\n\n\t\t<\/div>\n\n\t\t\n\n\t\t<div class=\"section-content relative\">\n\t\t\t\n\n<div class=\"row align-middle align-center\"  id=\"row-259886090\">\n\n\n\t<div id=\"col-1426634634\" class=\"col small-12 large-12\"  >\n\t\t\t\t<div class=\"col-inner text-center\"  >\n\t\t\t\n\t\t\t\n\n<a href=\"https:\/\/campinggavina.com\/wp-content\/uploads\/2026\/04\/Carta-Gavina-Restaurant.pdf\" target=\"_blank\" class=\"button success\" rel=\"noopener\" >\n\t<i class=\"icon-menu\" aria-hidden=\"true\"><\/i>\t<span>Menu<\/span>\n\t<\/a>\n\n\n\t<div id=\"text-270720567\" class=\"text\">\n\t\t\n\n<h2 data-line-height=\"xs\"><span style=\"color: #0000ff;\"><a style=\"color: #0000ff;\" href=\"_wp_link_placeholder\" data-wplink-edit=\"true\">Maak hier uw reservering<\/a><\/span><\/h2>\n\t\t\n<style>\n#text-270720567 {\n  font-size: 1.4rem;\n}\n<\/style>\n\t<\/div>\n\t\n\n\t\t<\/div>\n\t\t\t\t\n<style>\n#col-1426634634 > .col-inner {\n  margin: 0px 0px -26px 0px;\n}\n<\/style>\n\t<\/div>\n\n\t\n\n<\/div>\n\n\t\t<\/div>\n\n\t\t\n<style>\n#section_2017664825 {\n  padding-top: 0px;\n  padding-bottom: 0px;\n}\n#section_2017664825 .section-bg-overlay {\n  background-color: rgba(255, 255, 255, 0.302);\n}\n@media (min-width:850px) {\n  #section_2017664825 {\n    padding-top: 74px;\n    padding-bottom: 74px;\n  }\n}\n<\/style>\n\t<\/section>\n\t\n\n","protected":false},"excerpt":{"rendered":"","protected":false},"author":1,"featured_media":0,"parent":0,"menu_order":0,"comment_status":"closed","ping_status":"closed","template":"page-transparent-header-light.php","meta":{"footnotes":""},"class_list":["post-7244","page","type-page","status-publish","hentry"],"yoast_head":"<!-- This site is optimized with the Yoast SEO plugin v27.0 - https:\/\/yoast.com\/product\/yoast-seo-wordpress\/ -->\n<title>Gastronom\u00eda | Camping Gavina Village | Costa Dorada<\/title>\n<meta name=\"description\" content=\"Gastronom\u00eda - Camping Gavina Village. Restaurante \u00fanico en Creixell donde se combina slow food y un entorno natural inigualable.\" \/>\n<meta name=\"robots\" content=\"index, follow, max-snippet:-1, max-image-preview:large, max-video-preview:-1\" \/>\n<link rel=\"canonical\" href=\"https:\/\/campinggavina.com\/nl\/gastronomia\/\" \/>\n<meta property=\"og:locale\" content=\"nl_NL\" \/>\n<meta property=\"og:type\" content=\"article\" \/>\n<meta property=\"og:title\" content=\"Gastronom\u00eda | Camping Gavina Village | Costa Dorada\" \/>\n<meta property=\"og:description\" content=\"Gastronom\u00eda - Camping Gavina Village. Restaurante \u00fanico en Creixell donde se combina slow food y un entorno natural inigualable.\" \/>\n<meta property=\"og:url\" content=\"https:\/\/campinggavina.com\/nl\/gastronomia\/\" \/>\n<meta property=\"og:site_name\" content=\"Camping Gavina Village\" \/>\n<meta property=\"article:modified_time\" content=\"2026-04-14T13:50:18+00:00\" \/>\n<meta name=\"twitter:card\" content=\"summary_large_image\" \/>\n<meta name=\"twitter:label1\" content=\"Geschatte leestijd\" \/>\n\t<meta name=\"twitter:data1\" content=\"3 minuten\" \/>\n<script type=\"application\/ld+json\" class=\"yoast-schema-graph\">{\"@context\":\"https:\/\/schema.org\",\"@graph\":[{\"@type\":\"WebPage\",\"@id\":\"https:\/\/campinggavina.com\/nl\/gastronomia\/\",\"url\":\"https:\/\/campinggavina.com\/nl\/gastronomia\/\",\"name\":\"Gastronom\u00eda | Camping Gavina Village | Costa Dorada\",\"isPartOf\":{\"@id\":\"https:\/\/campinggavina.com\/#website\"},\"datePublished\":\"2021-08-10T15:30:01+00:00\",\"dateModified\":\"2026-04-14T13:50:18+00:00\",\"description\":\"Gastronom\u00eda - Camping Gavina Village. Restaurante \u00fanico en Creixell donde se combina slow food y un entorno natural inigualable.\",\"breadcrumb\":{\"@id\":\"https:\/\/campinggavina.com\/nl\/gastronomia\/#breadcrumb\"},\"inLanguage\":\"nl-NL\",\"potentialAction\":[{\"@type\":\"ReadAction\",\"target\":[\"https:\/\/campinggavina.com\/nl\/gastronomia\/\"]}]},{\"@type\":\"BreadcrumbList\",\"@id\":\"https:\/\/campinggavina.com\/nl\/gastronomia\/#breadcrumb\",\"itemListElement\":[{\"@type\":\"ListItem\",\"position\":1,\"name\":\"Portada\",\"item\":\"https:\/\/campinggavina.com\/nl\/\"},{\"@type\":\"ListItem\",\"position\":2,\"name\":\"GASTRONOMIE\"}]},{\"@type\":\"WebSite\",\"@id\":\"https:\/\/campinggavina.com\/#website\",\"url\":\"https:\/\/campinggavina.com\/\",\"name\":\"Camping Gavina Village\",\"description\":\"Unwind your experience\",\"potentialAction\":[{\"@type\":\"SearchAction\",\"target\":{\"@type\":\"EntryPoint\",\"urlTemplate\":\"https:\/\/campinggavina.com\/?s={search_term_string}\"},\"query-input\":{\"@type\":\"PropertyValueSpecification\",\"valueRequired\":true,\"valueName\":\"search_term_string\"}}],\"inLanguage\":\"nl-NL\"}]}<\/script>\n<!-- \/ Yoast SEO plugin. -->","yoast_head_json":{"title":"Gastronom\u00eda | Camping Gavina Village | Costa Dorada","description":"Gastronom\u00eda - Camping Gavina Village. Restaurante \u00fanico en Creixell donde se combina slow food y un entorno natural inigualable.","robots":{"index":"index","follow":"follow","max-snippet":"max-snippet:-1","max-image-preview":"max-image-preview:large","max-video-preview":"max-video-preview:-1"},"canonical":"https:\/\/campinggavina.com\/nl\/gastronomia\/","og_locale":"nl_NL","og_type":"article","og_title":"Gastronom\u00eda | Camping Gavina Village | Costa Dorada","og_description":"Gastronom\u00eda - Camping Gavina Village. Restaurante \u00fanico en Creixell donde se combina slow food y un entorno natural inigualable.","og_url":"https:\/\/campinggavina.com\/nl\/gastronomia\/","og_site_name":"Camping Gavina Village","article_modified_time":"2026-04-14T13:50:18+00:00","twitter_card":"summary_large_image","twitter_misc":{"Geschatte leestijd":"3 minuten"},"schema":{"@context":"https:\/\/schema.org","@graph":[{"@type":"WebPage","@id":"https:\/\/campinggavina.com\/nl\/gastronomia\/","url":"https:\/\/campinggavina.com\/nl\/gastronomia\/","name":"Gastronom\u00eda | Camping Gavina Village | Costa Dorada","isPartOf":{"@id":"https:\/\/campinggavina.com\/#website"},"datePublished":"2021-08-10T15:30:01+00:00","dateModified":"2026-04-14T13:50:18+00:00","description":"Gastronom\u00eda - Camping Gavina Village. Restaurante \u00fanico en Creixell donde se combina slow food y un entorno natural inigualable.","breadcrumb":{"@id":"https:\/\/campinggavina.com\/nl\/gastronomia\/#breadcrumb"},"inLanguage":"nl-NL","potentialAction":[{"@type":"ReadAction","target":["https:\/\/campinggavina.com\/nl\/gastronomia\/"]}]},{"@type":"BreadcrumbList","@id":"https:\/\/campinggavina.com\/nl\/gastronomia\/#breadcrumb","itemListElement":[{"@type":"ListItem","position":1,"name":"Portada","item":"https:\/\/campinggavina.com\/nl\/"},{"@type":"ListItem","position":2,"name":"GASTRONOMIE"}]},{"@type":"WebSite","@id":"https:\/\/campinggavina.com\/#website","url":"https:\/\/campinggavina.com\/","name":"Camping Gavina Village","description":"Unwind your experience","potentialAction":[{"@type":"SearchAction","target":{"@type":"EntryPoint","urlTemplate":"https:\/\/campinggavina.com\/?s={search_term_string}"},"query-input":{"@type":"PropertyValueSpecification","valueRequired":true,"valueName":"search_term_string"}}],"inLanguage":"nl-NL"}]}},"_links":{"self":[{"href":"https:\/\/campinggavina.com\/nl\/wp-json\/wp\/v2\/pages\/7244","targetHints":{"allow":["GET"]}}],"collection":[{"href":"https:\/\/campinggavina.com\/nl\/wp-json\/wp\/v2\/pages"}],"about":[{"href":"https:\/\/campinggavina.com\/nl\/wp-json\/wp\/v2\/types\/page"}],"author":[{"embeddable":true,"href":"https:\/\/campinggavina.com\/nl\/wp-json\/wp\/v2\/users\/1"}],"replies":[{"embeddable":true,"href":"https:\/\/campinggavina.com\/nl\/wp-json\/wp\/v2\/comments?post=7244"}],"version-history":[{"count":53,"href":"https:\/\/campinggavina.com\/nl\/wp-json\/wp\/v2\/pages\/7244\/revisions"}],"predecessor-version":[{"id":15228,"href":"https:\/\/campinggavina.com\/nl\/wp-json\/wp\/v2\/pages\/7244\/revisions\/15228"}],"wp:attachment":[{"href":"https:\/\/campinggavina.com\/nl\/wp-json\/wp\/v2\/media?parent=7244"}],"curies":[{"name":"wp","href":"https:\/\/api.w.org\/{rel}","templated":true}]}}