{"id":4815,"date":"2021-08-10T15:30:01","date_gmt":"2021-08-10T15:30:01","guid":{"rendered":"https:\/\/campinggavina.com\/gastronomia\/"},"modified":"2026-04-01T09:46:43","modified_gmt":"2026-04-01T09:46:43","slug":"gastronomia","status":"publish","type":"page","link":"https:\/\/campinggavina.com\/fr\/gastronomia\/","title":{"rendered":"GASTRONOMIE"},"content":{"rendered":"\n\n  <div class=\"banner has-hover\" id=\"banner-790229011\">\n          <div class=\"banner-inner fill\">\n        <div class=\"banner-bg fill\" >\n            <img loading=\"lazy\" decoding=\"async\" width=\"1920\" height=\"2560\" src=\"https:\/\/campinggavina.com\/wp-content\/uploads\/2024\/05\/IMG_0181-scaled.jpg\" class=\"bg attachment-original size-original\" alt=\"\" \/>                        <div class=\"overlay\"><\/div>            \n                    <\/div>\n\t\t\n        <div class=\"banner-layers container\">\n            <div class=\"fill banner-link\"><\/div>            \n\n   <div id=\"text-box-1996839249\" class=\"text-box banner-layer x50 md-x50 lg-x50 y50 md-y50 lg-y50 res-text\">\n                                <div class=\"text-box-content text dark\">\n              \n              <div class=\"text-inner text-center\">\n                  \n\n<h1 class=\"uppercase\">GASTRONOMIE<\/h1>\n\n              <\/div>\n           <\/div>\n                            \n<style>\n#text-box-1996839249 {\n  width: 80%;\n}\n#text-box-1996839249 .text-box-content {\n  font-size: 100%;\n}\n@media (min-width:550px) {\n  #text-box-1996839249 {\n    width: 60%;\n  }\n}\n<\/style>\n    <\/div>\n \n\t<div class=\"img has-hover show-for-small x50 md-x50 lg-x50 y100 md-y50 lg-y50\" id=\"image_1043657606\">\n\t\t\t\t\t\t\t\t<div class=\"img-inner dark\" >\n\t\t\t\t\t\t\t\t\t\n\t\t\t\t\t<\/div>\n\t\t\t\t\t\t\t\t\n<style>\n#image_1043657606 {\n  width: 100%;\n}\n<\/style>\n\t<\/div>\n\t\n\n\n        <\/div>\n      <\/div>\n\n            \n<style>\n#banner-790229011 {\n  padding-top: 584px;\n}\n#banner-790229011 .overlay {\n  background-color: rgba(0, 0, 0, 0.471);\n}\n#banner-790229011 .banner-bg img {\n  object-position: 37% 70%;\n}\n@media (min-width:550px) {\n  #banner-790229011 {\n    padding-top: 850px;\n  }\n}\n<\/style>\n  <\/div>\n\n\n<div class=\"row\"  id=\"row-874884570\">\n\n\n\t<div id=\"col-1182349296\" class=\"col small-12 large-12\"  >\n\t\t\t\t<div class=\"col-inner text-center\"  >\n\t\t\t\n\t\t\t\n\n<p><span style=\"font-weight: 400;\">Le restaurant du camping Gavina Village est un espace unique \u00e0 Creixell, Costa Dorada, qui allie la gastronomie locale slow food dans un espace soigneusement d\u00e9cor\u00e9, et un environnement naturel incomparable.<\/span><\/p>\n<p><span style=\"font-weight: 400;\">Savourez le go\u00fbt des meilleurs plats de la cuisine m\u00e9diterran\u00e9enne, pr\u00e9par\u00e9s par nos chefs professionnels, dans le restaurant situ\u00e9 \u00e0 c\u00f4t\u00e9 de la plage et surplombant la mer.&nbsp;Vous \u00eates s\u00fbr de trouver de nombreux plats dont vous tomberez amoureux.<\/span><\/p>\n\n\t\t<\/div>\n\t\t\t\t\t<\/div>\n\n\t\n\n<\/div>\n\n\t<section class=\"section\" id=\"section_1347213062\">\n\t\t<div class=\"section-bg fill\" >\n\t\t\t\t\t\t\t\t\t\n\t\t\t\n\n\t\t<\/div>\n\n\t\t\n\n\t\t<div class=\"section-content relative\">\n\t\t\t\n\n<div class=\"row row-collapse align-middle\" style=\"max-width:1400px\" id=\"row-1521580491\">\n\n\n\t<div id=\"col-1029122492\" class=\"col medium-12 small-12 large-5\"  >\n\t\t\t\t<div class=\"col-inner\"  >\n\t\t\t\n\t\t\t\n\n\n  <div class=\"banner has-hover\" id=\"banner-1890897203\">\n          <div class=\"banner-inner fill\">\n        <div class=\"banner-bg fill\" >\n            <img loading=\"lazy\" decoding=\"async\" width=\"2560\" height=\"1440\" src=\"https:\/\/campinggavina.com\/wp-content\/uploads\/2024\/05\/DJI_20240420191047_0281_D-scaled.jpg\" class=\"bg attachment-original size-original\" alt=\"\" \/>                                    \n                    <\/div>\n\t\t\n        <div class=\"banner-layers container\">\n            <div class=\"fill banner-link\"><\/div>            \n\n\n        <\/div>\n      <\/div>\n\n            \n<style>\n#banner-1890897203 {\n  padding-top: 250px;\n  background-color: rgb(239, 241, 241);\n}\n#banner-1890897203 .banner-bg img {\n  object-position: 24% 18%;\n}\n@media (min-width:550px) {\n  #banner-1890897203 {\n    padding-top: 400px;\n  }\n}\n<\/style>\n  <\/div>\n\n\n\n\t\t<\/div>\n\t\t\t\t\n<style>\n#col-1029122492 > .col-inner {\n  margin: 0px 0px 0px 0;\n}\n<\/style>\n\t<\/div>\n\n\t\n\n\t<div id=\"col-2078074995\" class=\"col medium-11 small-12 large-7\"  >\n\t\t\t\t<div class=\"col-inner\"  >\n\t\t\t\n\t<div class=\"is-border\"\n\t\tstyle=\"border-color:rgb(118, 125, 115);border-width:1px 1px 1px 1;\">\n\t<\/div>\n\t\t\t\n\n<p><strong>Restaurant en bord de mer \u00e0<\/strong><\/p>\n\t<div id=\"text-1126405100\" class=\"text\">\n\t\t\n\n<h2 data-line-height=\"xs\">Camping Gavina Village<\/h2>\n\t\t\n<style>\n#text-1126405100 {\n  font-size: 1.4rem;\n}\n<\/style>\n\t<\/div>\n\t\n\t<div id=\"text-35496090\" class=\"text\">\n\t\t\n\n<p><span style=\"font-weight: 400;\">Vous pouvez \u00e9galement profiter des jours et des nuits d&rsquo;\u00e9t\u00e9 dans notre bar de plage situ\u00e9 sur le sable de la plage de Creixell.&nbsp;Le matin et le midi, service d&rsquo;ap\u00e9ritif et de restauration, et le soir cocktails et musique live.&nbsp;<strong>Vivez des exp\u00e9riences uniques avec une cuisine locale dans un espace incroyable.<\/strong><\/span><\/p>\n<p><span style=\"font-weight: 400;\">Gavina se sent!<\/span><\/p>\n\t\t\n<style>\n#text-35496090 {\n  line-height: 1.5;\n}\n<\/style>\n\t<\/div>\n\t\n<a href=\"https:\/\/campinggavina.com\/wp-content\/uploads\/2026\/04\/Cartas-Restaurante-Gavina-2026.pdf\" target=\"_blank\" class=\"button success\" rel=\"noopener\" >\n\t<i class=\"icon-menu\" aria-hidden=\"true\"><\/i>\t<span>Menu<\/span>\n\t<\/a>\n\n\n\t<div id=\"gap-1242215598\" class=\"gap-element clearfix\" style=\"display:block; height:auto;\">\n\t\t\n<style>\n#gap-1242215598 {\n  padding-top: 5px;\n}\n<\/style>\n\t<\/div>\n\t\n\n\n\t\t<\/div>\n\t\t\t\t\n<style>\n#col-2078074995 > .col-inner {\n  padding: 24px 26px 0px 27px;\n  margin: 0px 0px 0px 0;\n}\n@media (min-width:550px) {\n  #col-2078074995 > .col-inner {\n    padding: 0px 0px 0px 0;\n    margin: 0px 0px 0px -32px;\n  }\n}\n@media (min-width:850px) {\n  #col-2078074995 > .col-inner {\n    padding: 5% 15% 5% 15%;\n  }\n}\n<\/style>\n\t<\/div>\n\n\t\n\n<\/div>\n\t<div id=\"gap-1502854771\" class=\"gap-element clearfix\" style=\"display:block; height:auto;\">\n\t\t\n<style>\n#gap-1502854771 {\n  padding-top: 30px;\n}\n<\/style>\n\t<\/div>\n\t\n\n<div class=\"row row-collapse align-middle\" style=\"max-width:1400px\" id=\"row-1076182439\">\n\n\n\t<div id=\"col-493067862\" class=\"col medium-11 small-12 large-7\"  >\n\t\t\t\t<div class=\"col-inner\"  >\n\t\t\t\n\t<div class=\"is-border\"\n\t\tstyle=\"border-color:rgb(118, 125, 115);border-width:1px 1px 1px 1;\">\n\t<\/div>\n\t\t\t\n\n\t<div id=\"text-2633011360\" class=\"text\">\n\t\t\n\n<h2 data-line-height=\"xs\">BEACH CLUB<\/h2>\n\t\t\n<style>\n#text-2633011360 {\n  font-size: 1.4rem;\n}\n<\/style>\n\t<\/div>\n\t\n\t<div id=\"text-3287905050\" class=\"text\">\n\t\t\n\n<p>D\u00e9couvrez le nouveau Beach Club du Camping Gavina, l&rsquo;une de nos nouveaut\u00e9s pour la saison 2024.<\/p>\n<p>L&rsquo;endroit id\u00e9al pour assister \u00e0 des concerts en plein air, d\u00e9guster nos cocktails avec vue sur la plage de Creixell ou go\u00fbter nos plats les plus sains dans un espace unique au sein du camping.<\/p>\n<p>Nous vous attendons !<\/p>\n\t\t\n<style>\n#text-3287905050 {\n  line-height: 1.5;\n}\n<\/style>\n\t<\/div>\n\t\n\t<div id=\"gap-1919542543\" class=\"gap-element clearfix\" style=\"display:block; height:auto;\">\n\t\t\n<style>\n#gap-1919542543 {\n  padding-top: 5px;\n}\n<\/style>\n\t<\/div>\n\t\n\n<a href=\"https:\/\/campinggavina.com\/wp-content\/uploads\/2025\/04\/CG_BeachClub_2025_EN_FR_F.pdf\" target=\"_blank\" class=\"button success\" rel=\"noopener\" >\n\t<i class=\"icon-menu\" aria-hidden=\"true\"><\/i>\t<span>Menu du Beach Club<\/span>\n\t<\/a>\n\n\n\n\t\t<\/div>\n\t\t\t\t\n<style>\n#col-493067862 > .col-inner {\n  padding: 24px 26px 0px 27px;\n  margin: 0px 0px 0px 0;\n}\n@media (min-width:550px) {\n  #col-493067862 > .col-inner {\n    padding: 0px 0px 0px 0;\n    margin: 0px 0px 0px -32px;\n  }\n}\n@media (min-width:850px) {\n  #col-493067862 > .col-inner {\n    padding: 5% 15% 5% 15%;\n  }\n}\n<\/style>\n\t<\/div>\n\n\t\n\n\t<div id=\"col-1714960070\" class=\"col medium-12 small-12 large-5\"  >\n\t\t\t\t<div class=\"col-inner\"  >\n\t\t\t\n\t\t\t\n\n<div class=\"slider-wrapper relative\" id=\"slider-1029667596\" >\n    <div class=\"slider slider-nav-dots-dashes slider-nav-simple slider-nav-large slider-nav-light slider-style-normal\"\n        data-flickity-options='{\n            \"cellAlign\": \"center\",\n            \"imagesLoaded\": true,\n            \"lazyLoad\": 1,\n            \"freeScroll\": false,\n            \"wrapAround\": true,\n            \"autoPlay\": 6000,\n            \"pauseAutoPlayOnHover\" : true,\n            \"prevNextButtons\": true,\n            \"contain\" : true,\n            \"adaptiveHeight\" : true,\n            \"dragThreshold\" : 10,\n            \"percentPosition\": true,\n            \"pageDots\": true,\n            \"rightToLeft\": false,\n            \"draggable\": true,\n            \"selectedAttraction\": 0.1,\n            \"parallax\" : 0,\n            \"friction\": 0.6        }'\n        >\n        \n\n\n  <div class=\"banner has-hover has-slide-effect slide-zoom-in\" id=\"banner-461235308\">\n          <div class=\"banner-inner fill\">\n        <div class=\"banner-bg fill\" >\n            <img loading=\"lazy\" decoding=\"async\" width=\"2560\" height=\"1440\" src=\"https:\/\/campinggavina.com\/wp-content\/uploads\/2024\/05\/DJI_20240420191121_0284_D-scaled.jpg\" class=\"bg attachment-original size-original\" alt=\"\" \/>                                    \n                    <\/div>\n\t\t\n        <div class=\"banner-layers container\">\n            <div class=\"fill banner-link\"><\/div>            \n\n\n        <\/div>\n      <\/div>\n\n            \n<style>\n#banner-461235308 {\n  padding-top: 400px;\n}\n<\/style>\n  <\/div>\n\n\n\n  <div class=\"banner has-hover has-slide-effect slide-zoom-in\" id=\"banner-1862707670\">\n          <div class=\"banner-inner fill\">\n        <div class=\"banner-bg fill\" >\n            <img loading=\"lazy\" decoding=\"async\" width=\"1920\" height=\"2560\" src=\"https:\/\/campinggavina.com\/wp-content\/uploads\/2024\/05\/IMG_2713-scaled.jpg\" class=\"bg attachment-original size-original\" alt=\"\" \/>                                    \n                    <\/div>\n\t\t\n        <div class=\"banner-layers container\">\n            <div class=\"fill banner-link\"><\/div>            \n\n\n        <\/div>\n      <\/div>\n\n            \n<style>\n#banner-1862707670 {\n  padding-top: 400px;\n}\n#banner-1862707670 .banner-bg img {\n  object-position: 12% 47%;\n}\n<\/style>\n  <\/div>\n\n\n\n  <div class=\"banner has-hover has-slide-effect slide-zoom-in\" id=\"banner-2066325069\">\n          <div class=\"banner-inner fill\">\n        <div class=\"banner-bg fill\" >\n            <img loading=\"lazy\" decoding=\"async\" width=\"1920\" height=\"2560\" src=\"https:\/\/campinggavina.com\/wp-content\/uploads\/2024\/05\/IMG_9994-scaled.jpg\" class=\"bg attachment-original size-original\" alt=\"\" \/>                                    \n                    <\/div>\n\t\t\n        <div class=\"banner-layers container\">\n            <div class=\"fill banner-link\"><\/div>            \n\n\n        <\/div>\n      <\/div>\n\n            \n<style>\n#banner-2066325069 {\n  padding-top: 400px;\n}\n#banner-2066325069 .banner-bg img {\n  object-position: 0% 45%;\n}\n<\/style>\n  <\/div>\n\n\n\n     <\/div>\n\n     <div class=\"loading-spin dark large centered\"><\/div>\n\n\t<\/div>\n\n\n\n\t\t<\/div>\n\t\t\t\t\n<style>\n#col-1714960070 > .col-inner {\n  margin: 0px 0px 0px 0;\n}\n<\/style>\n\t<\/div>\n\n\t\n\n<\/div>\n\t<div id=\"gap-384400564\" class=\"gap-element clearfix\" style=\"display:block; height:auto;\">\n\t\t\n<style>\n#gap-384400564 {\n  padding-top: 30px;\n}\n<\/style>\n\t<\/div>\n\t\n\n<div class=\"row row-collapse align-middle\" style=\"max-width:1400px\" id=\"row-1175079601\">\n\n\n\t<div id=\"col-241617492\" class=\"col medium-12 small-12 large-5\"  >\n\t\t\t\t<div class=\"col-inner\"  >\n\t\t\t\n\t\t\t\n\n\n  <div class=\"banner has-hover\" id=\"banner-1621362123\">\n          <div class=\"banner-inner fill\">\n        <div class=\"banner-bg fill\" >\n            <img decoding=\"async\" src=\"https:\/\/campinggavina.com\/wp-content\/uploads\/2023\/01\/hamburgers-and-hotdogs-with-smoke-and-flames-on-gr-2022-03-30-00-21-41-utc-scaled.jpg\" class=\"bg attachment-original size-original\" alt=\"\" \/>                                    \n                    <\/div>\n\t\t\n        <div class=\"banner-layers container\">\n            <div class=\"fill banner-link\"><\/div>            \n\n\n        <\/div>\n      <\/div>\n\n            \n<style>\n#banner-1621362123 {\n  padding-top: 250px;\n  background-color: rgb(239, 241, 241);\n}\n#banner-1621362123 .banner-bg img {\n  object-position: 24% 18%;\n}\n@media (min-width:550px) {\n  #banner-1621362123 {\n    padding-top: 400px;\n  }\n}\n<\/style>\n  <\/div>\n\n\n\n\t\t<\/div>\n\t\t\t\t\n<style>\n#col-241617492 > .col-inner {\n  margin: 0px 0px 0px 0;\n}\n<\/style>\n\t<\/div>\n\n\t\n\n\t<div id=\"col-727044446\" class=\"col medium-11 small-12 large-7\"  >\n\t\t\t\t<div class=\"col-inner\"  >\n\t\t\t\n\t<div class=\"is-border\"\n\t\tstyle=\"border-color:rgb(118, 125, 115);border-width:1px 1px 1px 1;\">\n\t<\/div>\n\t\t\t\n\n\t<div id=\"text-3812676751\" class=\"text\">\n\t\t\n\n<h2 data-line-height=\"xs\">CON-TENEDOR<\/h2>\n\t\t\n<style>\n#text-3812676751 {\n  font-size: 1.4rem;\n}\n<\/style>\n\t<\/div>\n\t\n\t<div id=\"text-4082542115\" class=\"text\">\n\t\t\n\n<p><span style=\"font-weight: 400;\">Notre Snak Bar situ\u00e9 \u00e0 c\u00f4t\u00e9 de la piscine et juste en face de l&rsquo;aire de pique-nique et du Mini-Club vous permettra de profiter d&rsquo;une offre culinaire vari\u00e9e et fra\u00eechement pr\u00e9par\u00e9e. Hamburgers, Hot Dogs, ainsi que d&rsquo;autres propositions saines, sont les options id\u00e9ales pour maximiser votre temps de loisirs.<\/span><\/p>\n\t\t\n<style>\n#text-4082542115 {\n  line-height: 1.5;\n}\n<\/style>\n\t<\/div>\n\t\n\t<div id=\"gap-77190488\" class=\"gap-element clearfix\" style=\"display:block; height:auto;\">\n\t\t\n<style>\n#gap-77190488 {\n  padding-top: 5px;\n}\n<\/style>\n\t<\/div>\n\t\n\n\n\t\t<\/div>\n\t\t\t\t\n<style>\n#col-727044446 > .col-inner {\n  padding: 24px 26px 0px 27px;\n  margin: 0px 0px 0px 0;\n}\n@media (min-width:550px) {\n  #col-727044446 > .col-inner {\n    padding: 0px 0px 0px 0;\n    margin: 0px 0px 0px -32px;\n  }\n}\n@media (min-width:850px) {\n  #col-727044446 > .col-inner {\n    padding: 5% 15% 5% 15%;\n  }\n}\n<\/style>\n\t<\/div>\n\n\t\n\n<\/div>\n\t<div id=\"gap-610161132\" class=\"gap-element clearfix\" style=\"display:block; height:auto;\">\n\t\t\n<style>\n#gap-610161132 {\n  padding-top: 30px;\n}\n<\/style>\n\t<\/div>\n\t\n\n<div class=\"row row-collapse align-middle\" style=\"max-width:1400px\" id=\"row-384379319\">\n\n\n\t<div id=\"col-272443036\" class=\"col medium-11 small-12 large-7\"  >\n\t\t\t\t<div class=\"col-inner\"  >\n\t\t\t\n\t<div class=\"is-border\"\n\t\tstyle=\"border-color:rgb(118, 125, 115);border-width:1px 1px 1px 1;\">\n\t<\/div>\n\t\t\t\n\n\t<div id=\"text-2860387988\" class=\"text\">\n\t\t\n\n<h2 data-line-height=\"xs\">TAKE AWAY<\/h2>\n\t\t\n<style>\n#text-2860387988 {\n  font-size: 1.4rem;\n}\n<\/style>\n\t<\/div>\n\t\n\t<div id=\"text-832465551\" class=\"text\">\n\t\t\n\n<p>Si vous avez d\u00e9cid\u00e9 de ne pas cuisiner, pas de probl\u00e8me ! Notre Take Away \u00e0 c\u00f4t\u00e9 du Supermarch\u00e9 vous offre la solution. De savoureuses pizzas fra\u00eechement pr\u00e9par\u00e9es, des salades \u00e0 volont\u00e9, un d\u00e9licieux poulet \u00e0 l&rsquo;Ast, et bien plus encore, pour que vous puissiez passer votre temps \u00e0 profiter de nos installations, de nos loisirs et de la tranquillit\u00e9 du camping.<\/p>\n\t\t\n<style>\n#text-832465551 {\n  line-height: 1.5;\n}\n<\/style>\n\t<\/div>\n\t\n<a href=\"https:\/\/campinggavina.com\/wp-content\/uploads\/2025\/08\/TAKE-AWAY-2025.pdf\" target=\"_blank\" class=\"button success\" rel=\"noopener\" >\n\t<i class=\"icon-menu\" aria-hidden=\"true\"><\/i>\t<span>Menu Take Away<\/span>\n\t<\/a>\n\n\n\t<div id=\"gap-568537181\" class=\"gap-element clearfix\" style=\"display:block; height:auto;\">\n\t\t\n<style>\n#gap-568537181 {\n  padding-top: 5px;\n}\n<\/style>\n\t<\/div>\n\t\n\n\n\t\t<\/div>\n\t\t\t\t\n<style>\n#col-272443036 > .col-inner {\n  padding: 24px 26px 0px 27px;\n  margin: 0px 0px 0px 0;\n}\n@media (min-width:550px) {\n  #col-272443036 > .col-inner {\n    padding: 0px 0px 0px 0;\n    margin: 0px 0px 0px -32px;\n  }\n}\n@media (min-width:850px) {\n  #col-272443036 > .col-inner {\n    padding: 5% 15% 5% 15%;\n  }\n}\n<\/style>\n\t<\/div>\n\n\t\n\n\t<div id=\"col-192477706\" class=\"col medium-12 small-12 large-5\"  >\n\t\t\t\t<div class=\"col-inner\"  >\n\t\t\t\n\t\t\t\n\n\n  <div class=\"banner has-hover\" id=\"banner-1995400374\">\n          <div class=\"banner-inner fill\">\n        <div class=\"banner-bg fill\" >\n            <img loading=\"lazy\" decoding=\"async\" width=\"2560\" height=\"2233\" src=\"https:\/\/campinggavina.com\/wp-content\/uploads\/2023\/01\/take-away-pizza-margherita-in-the-box-flat-lay-2022-11-15-16-42-06-utc-scaled.jpg\" class=\"bg attachment-original size-original\" alt=\"\" \/>                                    \n                    <\/div>\n\t\t\n        <div class=\"banner-layers container\">\n            <div class=\"fill banner-link\"><\/div>            \n\n\n        <\/div>\n      <\/div>\n\n            \n<style>\n#banner-1995400374 {\n  padding-top: 250px;\n  background-color: rgb(239, 241, 241);\n}\n#banner-1995400374 .banner-bg img {\n  object-position: 24% 32%;\n}\n@media (min-width:550px) {\n  #banner-1995400374 {\n    padding-top: 400px;\n  }\n}\n<\/style>\n  <\/div>\n\n\n\n\t\t<\/div>\n\t\t\t\t\n<style>\n#col-192477706 > .col-inner {\n  margin: 0px 0px 0px 0;\n}\n<\/style>\n\t<\/div>\n\n\t\n\n<\/div>\n\n\t\t<\/div>\n\n\t\t\n<style>\n#section_1347213062 {\n  padding-top: 55px;\n  padding-bottom: 55px;\n}\n@media (min-width:550px) {\n  #section_1347213062 {\n    padding-top: 0px;\n    padding-bottom: 0px;\n  }\n}\n@media (min-width:850px) {\n  #section_1347213062 {\n    padding-top: 91px;\n    padding-bottom: 91px;\n  }\n}\n<\/style>\n\t<\/section>\n\t\n\n\t<section class=\"section\" id=\"section_2071295947\">\n\t\t<div class=\"section-bg fill\" >\n\t\t\t\t\t\t\t\t\t<div class=\"section-bg-overlay absolute fill\"><\/div>\n\t\t\t\n\n\t\t<\/div>\n\n\t\t\n\n\t\t<div class=\"section-content relative\">\n\t\t\t\n\n<div class=\"row align-middle align-center\"  id=\"row-815853821\">\n\n\n\t<div id=\"col-1856504319\" class=\"col small-12 large-12\"  >\n\t\t\t\t<div class=\"col-inner text-center\"  >\n\t\t\t\n\t\t\t\n\n<a href=\"https:\/\/campinggavina.com\/wp-content\/uploads\/2026\/04\/Cartas-Restaurante-Gavina-2026.pdf\" target=\"_blank\" class=\"button success\" rel=\"noopener\" >\n\t<i class=\"icon-menu\" aria-hidden=\"true\"><\/i>\t<span>Menu<\/span>\n\t<\/a>\n\n\n\t<div id=\"text-3210318153\" class=\"text\">\n\t\t\n\n<h2 data-line-height=\"xs\"><span style=\"color: #0000ff;\"><a style=\"color: #0000ff;\" href=\"https:\/\/gavinarestaurant.com\/\">Faites votre r\u00e9servation ici<\/a><\/span><\/h2>\n\t\t\n<style>\n#text-3210318153 {\n  font-size: 1.4rem;\n}\n<\/style>\n\t<\/div>\n\t\n\n\t\t<\/div>\n\t\t\t\t\n<style>\n#col-1856504319 > .col-inner {\n  margin: 0px 0px -26px 0px;\n}\n<\/style>\n\t<\/div>\n\n\t\n\n<\/div>\n\n\t\t<\/div>\n\n\t\t\n<style>\n#section_2071295947 {\n  padding-top: 0px;\n  padding-bottom: 0px;\n}\n#section_2071295947 .section-bg-overlay {\n  background-color: rgba(255, 255, 255, 0.302);\n}\n@media (min-width:850px) {\n  #section_2071295947 {\n    padding-top: 74px;\n    padding-bottom: 74px;\n  }\n}\n<\/style>\n\t<\/section>\n\t\n\n","protected":false},"excerpt":{"rendered":"","protected":false},"author":1,"featured_media":0,"parent":0,"menu_order":0,"comment_status":"closed","ping_status":"closed","template":"page-transparent-header-light.php","meta":{"footnotes":""},"class_list":["post-4815","page","type-page","status-publish","hentry"],"yoast_head":"<!-- This site is optimized with the Yoast SEO plugin v27.0 - https:\/\/yoast.com\/product\/yoast-seo-wordpress\/ -->\n<title>Gastronomia | Camping Gavina Village | Costa Daurada<\/title>\n<meta name=\"description\" content=\"Gastronomia - Camping Gavina Village. Restaurant \u00fanic a Creixell on es combina slow food i un entorn natural inigualable.\" \/>\n<meta name=\"robots\" content=\"index, follow, max-snippet:-1, max-image-preview:large, max-video-preview:-1\" \/>\n<link rel=\"canonical\" href=\"https:\/\/campinggavina.com\/fr\/gastronomia\/\" \/>\n<meta property=\"og:locale\" content=\"fr_FR\" \/>\n<meta property=\"og:type\" content=\"article\" \/>\n<meta property=\"og:title\" content=\"Gastronomia | Camping Gavina Village | Costa Daurada\" \/>\n<meta property=\"og:description\" content=\"Gastronomia - Camping Gavina Village. Restaurant \u00fanic a Creixell on es combina slow food i un entorn natural inigualable.\" \/>\n<meta property=\"og:url\" content=\"https:\/\/campinggavina.com\/fr\/gastronomia\/\" \/>\n<meta property=\"og:site_name\" content=\"Camping Gavina Village\" \/>\n<meta property=\"article:modified_time\" content=\"2026-04-01T09:46:43+00:00\" \/>\n<meta name=\"twitter:card\" content=\"summary_large_image\" \/>\n<meta name=\"twitter:label1\" content=\"Dur\u00e9e de lecture estim\u00e9e\" \/>\n\t<meta name=\"twitter:data1\" content=\"2 minutes\" \/>\n<script type=\"application\/ld+json\" class=\"yoast-schema-graph\">{\"@context\":\"https:\/\/schema.org\",\"@graph\":[{\"@type\":\"WebPage\",\"@id\":\"https:\/\/campinggavina.com\/fr\/gastronomia\/\",\"url\":\"https:\/\/campinggavina.com\/fr\/gastronomia\/\",\"name\":\"Gastronomia | Camping Gavina Village | Costa Daurada\",\"isPartOf\":{\"@id\":\"https:\/\/campinggavina.com\/#website\"},\"datePublished\":\"2021-08-10T15:30:01+00:00\",\"dateModified\":\"2026-04-01T09:46:43+00:00\",\"description\":\"Gastronomia - Camping Gavina Village. Restaurant \u00fanic a Creixell on es combina slow food i un entorn natural inigualable.\",\"breadcrumb\":{\"@id\":\"https:\/\/campinggavina.com\/fr\/gastronomia\/#breadcrumb\"},\"inLanguage\":\"fr-FR\",\"potentialAction\":[{\"@type\":\"ReadAction\",\"target\":[\"https:\/\/campinggavina.com\/fr\/gastronomia\/\"]}]},{\"@type\":\"BreadcrumbList\",\"@id\":\"https:\/\/campinggavina.com\/fr\/gastronomia\/#breadcrumb\",\"itemListElement\":[{\"@type\":\"ListItem\",\"position\":1,\"name\":\"Portada\",\"item\":\"https:\/\/campinggavina.com\/fr\/\"},{\"@type\":\"ListItem\",\"position\":2,\"name\":\"GASTRONOMIE\"}]},{\"@type\":\"WebSite\",\"@id\":\"https:\/\/campinggavina.com\/#website\",\"url\":\"https:\/\/campinggavina.com\/\",\"name\":\"Camping Gavina Village\",\"description\":\"Unwind your experience\",\"potentialAction\":[{\"@type\":\"SearchAction\",\"target\":{\"@type\":\"EntryPoint\",\"urlTemplate\":\"https:\/\/campinggavina.com\/?s={search_term_string}\"},\"query-input\":{\"@type\":\"PropertyValueSpecification\",\"valueRequired\":true,\"valueName\":\"search_term_string\"}}],\"inLanguage\":\"fr-FR\"}]}<\/script>\n<!-- \/ Yoast SEO plugin. -->","yoast_head_json":{"title":"Gastronomia | Camping Gavina Village | Costa Daurada","description":"Gastronomia - Camping Gavina Village. Restaurant \u00fanic a Creixell on es combina slow food i un entorn natural inigualable.","robots":{"index":"index","follow":"follow","max-snippet":"max-snippet:-1","max-image-preview":"max-image-preview:large","max-video-preview":"max-video-preview:-1"},"canonical":"https:\/\/campinggavina.com\/fr\/gastronomia\/","og_locale":"fr_FR","og_type":"article","og_title":"Gastronomia | Camping Gavina Village | Costa Daurada","og_description":"Gastronomia - Camping Gavina Village. Restaurant \u00fanic a Creixell on es combina slow food i un entorn natural inigualable.","og_url":"https:\/\/campinggavina.com\/fr\/gastronomia\/","og_site_name":"Camping Gavina Village","article_modified_time":"2026-04-01T09:46:43+00:00","twitter_card":"summary_large_image","twitter_misc":{"Dur\u00e9e de lecture estim\u00e9e":"2 minutes"},"schema":{"@context":"https:\/\/schema.org","@graph":[{"@type":"WebPage","@id":"https:\/\/campinggavina.com\/fr\/gastronomia\/","url":"https:\/\/campinggavina.com\/fr\/gastronomia\/","name":"Gastronomia | Camping Gavina Village | Costa Daurada","isPartOf":{"@id":"https:\/\/campinggavina.com\/#website"},"datePublished":"2021-08-10T15:30:01+00:00","dateModified":"2026-04-01T09:46:43+00:00","description":"Gastronomia - Camping Gavina Village. Restaurant \u00fanic a Creixell on es combina slow food i un entorn natural inigualable.","breadcrumb":{"@id":"https:\/\/campinggavina.com\/fr\/gastronomia\/#breadcrumb"},"inLanguage":"fr-FR","potentialAction":[{"@type":"ReadAction","target":["https:\/\/campinggavina.com\/fr\/gastronomia\/"]}]},{"@type":"BreadcrumbList","@id":"https:\/\/campinggavina.com\/fr\/gastronomia\/#breadcrumb","itemListElement":[{"@type":"ListItem","position":1,"name":"Portada","item":"https:\/\/campinggavina.com\/fr\/"},{"@type":"ListItem","position":2,"name":"GASTRONOMIE"}]},{"@type":"WebSite","@id":"https:\/\/campinggavina.com\/#website","url":"https:\/\/campinggavina.com\/","name":"Camping Gavina Village","description":"Unwind your experience","potentialAction":[{"@type":"SearchAction","target":{"@type":"EntryPoint","urlTemplate":"https:\/\/campinggavina.com\/?s={search_term_string}"},"query-input":{"@type":"PropertyValueSpecification","valueRequired":true,"valueName":"search_term_string"}}],"inLanguage":"fr-FR"}]}},"_links":{"self":[{"href":"https:\/\/campinggavina.com\/fr\/wp-json\/wp\/v2\/pages\/4815","targetHints":{"allow":["GET"]}}],"collection":[{"href":"https:\/\/campinggavina.com\/fr\/wp-json\/wp\/v2\/pages"}],"about":[{"href":"https:\/\/campinggavina.com\/fr\/wp-json\/wp\/v2\/types\/page"}],"author":[{"embeddable":true,"href":"https:\/\/campinggavina.com\/fr\/wp-json\/wp\/v2\/users\/1"}],"replies":[{"embeddable":true,"href":"https:\/\/campinggavina.com\/fr\/wp-json\/wp\/v2\/comments?post=4815"}],"version-history":[{"count":52,"href":"https:\/\/campinggavina.com\/fr\/wp-json\/wp\/v2\/pages\/4815\/revisions"}],"predecessor-version":[{"id":15193,"href":"https:\/\/campinggavina.com\/fr\/wp-json\/wp\/v2\/pages\/4815\/revisions\/15193"}],"wp:attachment":[{"href":"https:\/\/campinggavina.com\/fr\/wp-json\/wp\/v2\/media?parent=4815"}],"curies":[{"name":"wp","href":"https:\/\/api.w.org\/{rel}","templated":true}]}}