{"id":5403,"date":"2021-08-10T15:30:01","date_gmt":"2021-08-10T15:30:01","guid":{"rendered":"https:\/\/campinggavina.com\/gastronomia\/"},"modified":"2026-04-14T13:49:39","modified_gmt":"2026-04-14T13:49:39","slug":"gastronomia","status":"publish","type":"page","link":"https:\/\/campinggavina.com\/de\/gastronomia\/","title":{"rendered":"GASTRONOMIE"},"content":{"rendered":"\n\n  <div class=\"banner has-hover\" id=\"banner-2025828890\">\n          <div class=\"banner-inner fill\">\n        <div class=\"banner-bg fill\" >\n            <img loading=\"lazy\" decoding=\"async\" width=\"1920\" height=\"2560\" src=\"https:\/\/campinggavina.com\/wp-content\/uploads\/2024\/05\/IMG_0181-scaled.jpg\" class=\"bg attachment-original size-original\" alt=\"\" \/>                        <div class=\"overlay\"><\/div>            \n                    <\/div>\n\t\t\n        <div class=\"banner-layers container\">\n            <div class=\"fill banner-link\"><\/div>            \n\n   <div id=\"text-box-743660563\" class=\"text-box banner-layer x50 md-x50 lg-x50 y50 md-y50 lg-y50 res-text\">\n                                <div class=\"text-box-content text dark\">\n              \n              <div class=\"text-inner text-center\">\n                  \n\n<h1 class=\"uppercase\">gastronomIE<\/h1>\n\n              <\/div>\n           <\/div>\n                            \n<style>\n#text-box-743660563 {\n  width: 80%;\n}\n#text-box-743660563 .text-box-content {\n  font-size: 100%;\n}\n@media (min-width:550px) {\n  #text-box-743660563 {\n    width: 60%;\n  }\n}\n<\/style>\n    <\/div>\n \n\t<div class=\"img has-hover show-for-small x50 md-x50 lg-x50 y100 md-y50 lg-y50\" id=\"image_949738282\">\n\t\t\t\t\t\t\t\t<div class=\"img-inner dark\" >\n\t\t\t\t\t\t\t\t\t\n\t\t\t\t\t<\/div>\n\t\t\t\t\t\t\t\t\n<style>\n#image_949738282 {\n  width: 100%;\n}\n<\/style>\n\t<\/div>\n\t\n\n\n        <\/div>\n      <\/div>\n\n            \n<style>\n#banner-2025828890 {\n  padding-top: 584px;\n}\n#banner-2025828890 .overlay {\n  background-color: rgba(0, 0, 0, 0.471);\n}\n#banner-2025828890 .banner-bg img {\n  object-position: 57% 71%;\n}\n@media (min-width:550px) {\n  #banner-2025828890 {\n    padding-top: 850px;\n  }\n}\n<\/style>\n  <\/div>\n\n\n\n\t<section class=\"section\" id=\"section_2094353740\">\n\t\t<div class=\"section-bg fill\" >\n\t\t\t\t\t\t\t\t\t\n\t\t\t\n\n\t\t<\/div>\n\n\t\t\n\n\t\t<div class=\"section-content relative\">\n\t\t\t\n\n<div class=\"row\"  id=\"row-506769674\">\n\n\n\t<div id=\"col-1372549643\" class=\"col small-12 large-12\"  >\n\t\t\t\t<div class=\"col-inner text-center\"  >\n\t\t\t\n\t\t\t\n\n\t<div id=\"text-793445653\" class=\"text\">\n\t\t\n\n<p><strong>Das Restaurant des Campingplatzes Gavina Village ist ein einzigartiger Ort in Creixell an der Costa Dorada, der lokale Slow-Food-Gastronomie in einem sorgf\u00e4ltig eingerichteten Raum und einer unvergleichlichen nat\u00fcrlichen Umgebung vereint.<\/strong><\/p>\n<p><strong>Genie\u00dfen Sie die besten Gerichte der mediterranen K\u00fcche, zubereitet von unseren professionellen K\u00f6chen, im Restaurant direkt am Strand und mit Blick auf das Meer. Sie werden sicher viele Gerichte finden, in die Sie sich verlieben werden.<\/strong><\/p>\n\t\t\n<style>\n#text-793445653 {\n  font-size: 1.25rem;\n}\n<\/style>\n\t<\/div>\n\t\n\n\t\t<\/div>\n\t\t\t\t\t<\/div>\n\n\t\n\n<\/div>\n<div class=\"row row-collapse align-middle\" style=\"max-width:1400px\" id=\"row-2063292508\">\n\n\n\t<div id=\"col-1608360795\" class=\"col medium-12 small-12 large-5\"  >\n\t\t\t\t<div class=\"col-inner\"  >\n\t\t\t\n\t\t\t\n\n\n  <div class=\"banner has-hover\" id=\"banner-73479007\">\n          <div class=\"banner-inner fill\">\n        <div class=\"banner-bg fill\" >\n            <img loading=\"lazy\" decoding=\"async\" width=\"2560\" height=\"1440\" src=\"https:\/\/campinggavina.com\/wp-content\/uploads\/2024\/05\/DJI_20240420191047_0281_D-scaled.jpg\" class=\"bg attachment-original size-original\" alt=\"\" \/>                                    \n                    <\/div>\n\t\t\n        <div class=\"banner-layers container\">\n            <div class=\"fill banner-link\"><\/div>            \n\n\n        <\/div>\n      <\/div>\n\n            \n<style>\n#banner-73479007 {\n  padding-top: 250px;\n  background-color: rgb(239, 241, 241);\n}\n#banner-73479007 .banner-bg img {\n  object-position: 23% 19%;\n}\n@media (min-width:550px) {\n  #banner-73479007 {\n    padding-top: 400px;\n  }\n}\n<\/style>\n  <\/div>\n\n\n\n\t\t<\/div>\n\t\t\t\t\n<style>\n#col-1608360795 > .col-inner {\n  margin: 0px 0px 0px 0;\n}\n<\/style>\n\t<\/div>\n\n\t\n\n\t<div id=\"col-285253753\" class=\"col medium-11 small-12 large-7\"  >\n\t\t\t\t<div class=\"col-inner\"  >\n\t\t\t\n\t<div class=\"is-border\"\n\t\tstyle=\"border-color:rgb(118, 125, 115);border-width:1px 1px 1px 1;\">\n\t<\/div>\n\t\t\t\n\n<p><strong>Restaurant am Meer in<\/strong><\/p>\n\t<div id=\"text-1169185507\" class=\"text\">\n\t\t\n\n<h2 data-line-height=\"xs\">Camping Gavina Village<\/h2>\n\t\t\n<style>\n#text-1169185507 {\n  font-size: 1.4rem;\n}\n<\/style>\n\t<\/div>\n\t\n<p><span style=\"font-weight: 400;\">Die Sommertage und -n\u00e4chte k\u00f6nnen Sie auch in unserer Strandbar am Strand von Creixell genie\u00dfen. Morgens und mittags Aperitif- und Restaurantservice, abends Cocktails und Live-Musik.<strong> Erleben Sie einzigartige Erfahrungen mit lokaler K\u00fcche in einem unglaublichen Raum. Gavina hat Gef\u00fchl!<\/strong><\/span><\/p>\n<p><span style=\"font-weight: 400;\">Gavina se sent!<\/span><\/p>\n<a href=\"https:\/\/campinggavina.com\/wp-content\/uploads\/2026\/04\/Carta-Gavina-Restaurant.pdf\" target=\"_blank\" class=\"button success\" rel=\"noopener\" >\n\t<i class=\"icon-menu\" aria-hidden=\"true\"><\/i>\t<span>Menu<\/span>\n\t<\/a>\n\n\n\t<div id=\"gap-1994094\" class=\"gap-element clearfix\" style=\"display:block; height:auto;\">\n\t\t\n<style>\n#gap-1994094 {\n  padding-top: 5px;\n}\n<\/style>\n\t<\/div>\n\t\n\n\n\t\t<\/div>\n\t\t\t\t\n<style>\n#col-285253753 > .col-inner {\n  padding: 24px 26px 0px 27px;\n  margin: 0px 0px 0px 0;\n}\n@media (min-width:550px) {\n  #col-285253753 > .col-inner {\n    padding: 0px 0px 0px 0;\n    margin: 0px 0px 0px -32px;\n  }\n}\n@media (min-width:850px) {\n  #col-285253753 > .col-inner {\n    padding: 5% 15% 5% 15%;\n  }\n}\n<\/style>\n\t<\/div>\n\n\t\n\n<\/div>\n\t<div id=\"gap-1381604784\" class=\"gap-element clearfix\" style=\"display:block; height:auto;\">\n\t\t\n<style>\n#gap-1381604784 {\n  padding-top: 30px;\n}\n<\/style>\n\t<\/div>\n\t\n\n<div class=\"row row-collapse align-middle\" style=\"max-width:1400px\" id=\"row-1708021877\">\n\n\n\t<div id=\"col-1151994295\" class=\"col medium-11 small-12 large-7\"  >\n\t\t\t\t<div class=\"col-inner\"  >\n\t\t\t\n\t<div class=\"is-border\"\n\t\tstyle=\"border-color:rgb(118, 125, 115);border-width:1px 1px 1px 1;\">\n\t<\/div>\n\t\t\t\n\n\t<div id=\"text-2238066377\" class=\"text\">\n\t\t\n\n<h2 data-line-height=\"xs\">BEACH CLUB<\/h2>\n\t\t\n<style>\n#text-2238066377 {\n  font-size: 1.4rem;\n}\n<\/style>\n\t<\/div>\n\t\n<p>Entdecken Sie den neuen Beach Club von Camping Gavina, eine unserer Neuheiten in der Saison 2024.<\/p>\n<p>Der perfekte Ort, um Open-Air-Konzerte zu genie\u00dfen, unsere Cocktails mit Blick auf den Strand von Creixell zu probieren oder einige unserer ges\u00fcndesten Gerichte in einem einzigartigen Raum auf dem Campingplatz zu kosten.<\/p>\n<p>Wir warten auf Sie!<\/p>\n<a href=\"https:\/\/campinggavina.com\/wp-content\/uploads\/2026\/04\/Beach-Club-ESP-y-ENG.pdf\" target=\"_blank\" class=\"button success\" rel=\"noopener\" >\n\t<i class=\"icon-menu\" aria-hidden=\"true\"><\/i>\t<span>Beach Club Men\u00fc<\/span>\n\t<\/a>\n\n\n\t<div id=\"gap-1307515298\" class=\"gap-element clearfix\" style=\"display:block; height:auto;\">\n\t\t\n<style>\n#gap-1307515298 {\n  padding-top: 5px;\n}\n<\/style>\n\t<\/div>\n\t\n\n\n\t\t<\/div>\n\t\t\t\t\n<style>\n#col-1151994295 > .col-inner {\n  padding: 24px 26px 0px 27px;\n  margin: 0px 0px 0px 0;\n}\n@media (min-width:550px) {\n  #col-1151994295 > .col-inner {\n    padding: 0px 0px 0px 0;\n    margin: 0px 0px 0px -32px;\n  }\n}\n@media (min-width:850px) {\n  #col-1151994295 > .col-inner {\n    padding: 5% 15% 5% 15%;\n  }\n}\n<\/style>\n\t<\/div>\n\n\t\n\n\t<div id=\"col-574298615\" class=\"col medium-12 small-12 large-5\"  >\n\t\t\t\t<div class=\"col-inner\"  >\n\t\t\t\n\t\t\t\n\n<div class=\"slider-wrapper relative\" id=\"slider-96931910\" >\n    <div class=\"slider slider-nav-dots-dashes slider-nav-simple slider-nav-large slider-nav-light slider-style-normal\"\n        data-flickity-options='{\n            \"cellAlign\": \"center\",\n            \"imagesLoaded\": true,\n            \"lazyLoad\": 1,\n            \"freeScroll\": false,\n            \"wrapAround\": true,\n            \"autoPlay\": 6000,\n            \"pauseAutoPlayOnHover\" : true,\n            \"prevNextButtons\": true,\n            \"contain\" : true,\n            \"adaptiveHeight\" : true,\n            \"dragThreshold\" : 10,\n            \"percentPosition\": true,\n            \"pageDots\": true,\n            \"rightToLeft\": false,\n            \"draggable\": true,\n            \"selectedAttraction\": 0.1,\n            \"parallax\" : 0,\n            \"friction\": 0.6        }'\n        >\n        \n\n\n  <div class=\"banner has-hover has-slide-effect slide-zoom-in\" id=\"banner-1136815957\">\n          <div class=\"banner-inner fill\">\n        <div class=\"banner-bg fill\" >\n            <img loading=\"lazy\" decoding=\"async\" width=\"2560\" height=\"1440\" src=\"https:\/\/campinggavina.com\/wp-content\/uploads\/2024\/05\/DJI_20240420191047_0281_D-scaled.jpg\" class=\"bg attachment-original size-original\" alt=\"\" \/>                                    \n                    <\/div>\n\t\t\n        <div class=\"banner-layers container\">\n            <div class=\"fill banner-link\"><\/div>            \n\n\n        <\/div>\n      <\/div>\n\n            \n<style>\n#banner-1136815957 {\n  padding-top: 400px;\n}\n<\/style>\n  <\/div>\n\n\n\n  <div class=\"banner has-hover has-slide-effect slide-zoom-in\" id=\"banner-673087869\">\n          <div class=\"banner-inner fill\">\n        <div class=\"banner-bg fill\" >\n            <img loading=\"lazy\" decoding=\"async\" width=\"1920\" height=\"2560\" src=\"https:\/\/campinggavina.com\/wp-content\/uploads\/2024\/05\/IMG_2713-scaled.jpg\" class=\"bg attachment-original size-original\" alt=\"\" \/>                                    \n                    <\/div>\n\t\t\n        <div class=\"banner-layers container\">\n            <div class=\"fill banner-link\"><\/div>            \n\n\n        <\/div>\n      <\/div>\n\n            \n<style>\n#banner-673087869 {\n  padding-top: 400px;\n}\n#banner-673087869 .banner-bg img {\n  object-position: 4% 48%;\n}\n<\/style>\n  <\/div>\n\n\n\n  <div class=\"banner has-hover has-slide-effect slide-zoom-in\" id=\"banner-1369378621\">\n          <div class=\"banner-inner fill\">\n        <div class=\"banner-bg fill\" >\n            <img loading=\"lazy\" decoding=\"async\" width=\"1920\" height=\"2560\" src=\"https:\/\/campinggavina.com\/wp-content\/uploads\/2024\/05\/IMG_9994-scaled.jpg\" class=\"bg attachment-original size-original\" alt=\"\" \/>                                    \n                    <\/div>\n\t\t\n        <div class=\"banner-layers container\">\n            <div class=\"fill banner-link\"><\/div>            \n\n\n        <\/div>\n      <\/div>\n\n            \n<style>\n#banner-1369378621 {\n  padding-top: 400px;\n}\n#banner-1369378621 .banner-bg img {\n  object-position: 0% 43%;\n}\n<\/style>\n  <\/div>\n\n\n\n     <\/div>\n\n     <div class=\"loading-spin dark large centered\"><\/div>\n\n\t<\/div>\n\n\n\n\t\t<\/div>\n\t\t\t\t\n<style>\n#col-574298615 > .col-inner {\n  margin: 0px 0px 0px 0;\n}\n<\/style>\n\t<\/div>\n\n\t\n\n<\/div>\n\t<div id=\"gap-1519474856\" class=\"gap-element clearfix\" style=\"display:block; height:auto;\">\n\t\t\n<style>\n#gap-1519474856 {\n  padding-top: 30px;\n}\n<\/style>\n\t<\/div>\n\t\n\n<div class=\"row row-collapse align-middle\" style=\"max-width:1400px\" id=\"row-387595847\">\n\n\n\t<div id=\"col-2085692112\" class=\"col medium-12 small-12 large-5\"  >\n\t\t\t\t<div class=\"col-inner\"  >\n\t\t\t\n\t\t\t\n\n\n  <div class=\"banner has-hover\" id=\"banner-1545662300\">\n          <div class=\"banner-inner fill\">\n        <div class=\"banner-bg fill\" >\n            <img decoding=\"async\" src=\"https:\/\/campinggavina.com\/wp-content\/uploads\/2023\/01\/hamburgers-and-hotdogs-with-smoke-and-flames-on-gr-2022-03-30-00-21-41-utc-scaled.jpg\" class=\"bg attachment-original size-original\" alt=\"\" \/>                                    \n                    <\/div>\n\t\t\n        <div class=\"banner-layers container\">\n            <div class=\"fill banner-link\"><\/div>            \n\n\n        <\/div>\n      <\/div>\n\n            \n<style>\n#banner-1545662300 {\n  padding-top: 250px;\n  background-color: rgb(239, 241, 241);\n}\n#banner-1545662300 .banner-bg img {\n  object-position: 23% 19%;\n}\n@media (min-width:550px) {\n  #banner-1545662300 {\n    padding-top: 400px;\n  }\n}\n<\/style>\n  <\/div>\n\n\n\n\t\t<\/div>\n\t\t\t\t\n<style>\n#col-2085692112 > .col-inner {\n  margin: 0px 0px 0px 0;\n}\n<\/style>\n\t<\/div>\n\n\t\n\n\t<div id=\"col-1401636091\" class=\"col medium-11 small-12 large-7\"  >\n\t\t\t\t<div class=\"col-inner\"  >\n\t\t\t\n\t<div class=\"is-border\"\n\t\tstyle=\"border-color:rgb(118, 125, 115);border-width:1px 1px 1px 1;\">\n\t<\/div>\n\t\t\t\n\n\t<div id=\"text-3401167064\" class=\"text\">\n\t\t\n\n<h2 data-line-height=\"xs\">CON-TENEDOR<\/h2>\n\t\t\n<style>\n#text-3401167064 {\n  font-size: 1.4rem;\n}\n<\/style>\n\t<\/div>\n\t\n<p><span style=\"font-weight: 400;\">In unserer Snak Bar, die sich neben dem Schwimmbad und direkt vor dem Picknickbereich und dem Mini-Club befindet, k\u00f6nnen Sie ein abwechslungsreiches und frisch zubereitetes kulinarisches Angebot genie\u00dfen. Hamburger, Hot Dogs sowie andere gesunde Angebote sind die idealen Optionen, um Ihre Freizeit zu maximieren.<br \/><\/span><\/p>\n\t<div id=\"gap-1518335462\" class=\"gap-element clearfix\" style=\"display:block; height:auto;\">\n\t\t\n<style>\n#gap-1518335462 {\n  padding-top: 5px;\n}\n<\/style>\n\t<\/div>\n\t\n\n\n\t\t<\/div>\n\t\t\t\t\n<style>\n#col-1401636091 > .col-inner {\n  padding: 24px 26px 0px 27px;\n  margin: 0px 0px 0px 0;\n}\n@media (min-width:550px) {\n  #col-1401636091 > .col-inner {\n    padding: 0px 0px 0px 0;\n    margin: 0px 0px 0px -32px;\n  }\n}\n@media (min-width:850px) {\n  #col-1401636091 > .col-inner {\n    padding: 5% 15% 5% 15%;\n  }\n}\n<\/style>\n\t<\/div>\n\n\t\n\n<\/div>\n\t<div id=\"gap-1013829574\" class=\"gap-element clearfix\" style=\"display:block; height:auto;\">\n\t\t\n<style>\n#gap-1013829574 {\n  padding-top: 30px;\n}\n<\/style>\n\t<\/div>\n\t\n\n<div class=\"row row-collapse align-middle\" style=\"max-width:1400px\" id=\"row-1864325823\">\n\n\n\t<div id=\"col-1948643495\" class=\"col medium-11 small-12 large-7\"  >\n\t\t\t\t<div class=\"col-inner\"  >\n\t\t\t\n\t<div class=\"is-border\"\n\t\tstyle=\"border-color:rgb(118, 125, 115);border-width:1px 1px 1px 1;\">\n\t<\/div>\n\t\t\t\n\n\t<div id=\"text-2375277945\" class=\"text\">\n\t\t\n\n<h2 data-line-height=\"xs\">TAKE AWAY<\/h2>\n\t\t\n<style>\n#text-2375277945 {\n  font-size: 1.4rem;\n}\n<\/style>\n\t<\/div>\n\t\n<p>Wenn Sie sich entschieden haben, nicht zu kochen, kein Problem! Unser Take Away neben dem Supermarkt bietet Ihnen die L\u00f6sung. Leckere, frisch zubereitete Pizzen, Salate nach Geschmack, k\u00f6stliches H\u00e4hnchen a l&#8217;Ast und vieles mehr, damit Sie Ihre Zeit damit verbringen k\u00f6nnen, unsere Einrichtungen, die Freizeit und die Ruhe des Campingplatzes zu genie\u00dfen.<\/p>\n<a href=\"https:\/\/campinggavina.com\/wp-content\/uploads\/2025\/08\/TAKE-AWAY-2025.pdf\" target=\"_blank\" class=\"button success\" rel=\"noopener\" >\n\t<i class=\"icon-menu\" aria-hidden=\"true\"><\/i>\t<span>Take Away Men\u00fc<\/span>\n\t<\/a>\n\n\n\t<div id=\"gap-1536900076\" class=\"gap-element clearfix\" style=\"display:block; height:auto;\">\n\t\t\n<style>\n#gap-1536900076 {\n  padding-top: 5px;\n}\n<\/style>\n\t<\/div>\n\t\n\n\n\t\t<\/div>\n\t\t\t\t\n<style>\n#col-1948643495 > .col-inner {\n  padding: 24px 26px 0px 27px;\n  margin: 0px 0px 0px 0;\n}\n@media (min-width:550px) {\n  #col-1948643495 > .col-inner {\n    padding: 0px 0px 0px 0;\n    margin: 0px 0px 0px -32px;\n  }\n}\n@media (min-width:850px) {\n  #col-1948643495 > .col-inner {\n    padding: 5% 15% 5% 15%;\n  }\n}\n<\/style>\n\t<\/div>\n\n\t\n\n\t<div id=\"col-199798569\" class=\"col medium-12 small-12 large-5\"  >\n\t\t\t\t<div class=\"col-inner\"  >\n\t\t\t\n\t\t\t\n\n\n  <div class=\"banner has-hover\" id=\"banner-1515364953\">\n          <div class=\"banner-inner fill\">\n        <div class=\"banner-bg fill\" >\n            <img loading=\"lazy\" decoding=\"async\" width=\"2560\" height=\"2233\" src=\"https:\/\/campinggavina.com\/wp-content\/uploads\/2023\/01\/take-away-pizza-margherita-in-the-box-flat-lay-2022-11-15-16-42-06-utc-scaled.jpg\" class=\"bg attachment-original size-original\" alt=\"\" \/>                                    \n                    <\/div>\n\t\t\n        <div class=\"banner-layers container\">\n            <div class=\"fill banner-link\"><\/div>            \n\n\n        <\/div>\n      <\/div>\n\n            \n<style>\n#banner-1515364953 {\n  padding-top: 250px;\n  background-color: rgb(239, 241, 241);\n}\n#banner-1515364953 .banner-bg img {\n  object-position: 21% 33%;\n}\n@media (min-width:550px) {\n  #banner-1515364953 {\n    padding-top: 400px;\n  }\n}\n<\/style>\n  <\/div>\n\n\n\n\t\t<\/div>\n\t\t\t\t\n<style>\n#col-199798569 > .col-inner {\n  margin: 0px 0px 0px 0;\n}\n<\/style>\n\t<\/div>\n\n\t\n\n<\/div>\n\n\t\t<\/div>\n\n\t\t\n<style>\n#section_2094353740 {\n  padding-top: 55px;\n  padding-bottom: 55px;\n}\n@media (min-width:550px) {\n  #section_2094353740 {\n    padding-top: 0px;\n    padding-bottom: 0px;\n  }\n}\n@media (min-width:850px) {\n  #section_2094353740 {\n    padding-top: 91px;\n    padding-bottom: 91px;\n  }\n}\n<\/style>\n\t<\/section>\n\t\n\n\t<section class=\"section\" id=\"section_1857866040\">\n\t\t<div class=\"section-bg fill\" >\n\t\t\t\t\t\t\t\t\t<div class=\"section-bg-overlay absolute fill\"><\/div>\n\t\t\t\n\n\t\t<\/div>\n\n\t\t\n\n\t\t<div class=\"section-content relative\">\n\t\t\t\n\n<div class=\"row align-middle align-center\"  id=\"row-838934506\">\n\n\n\t<div id=\"col-1040982192\" class=\"col small-12 large-12\"  >\n\t\t\t\t<div class=\"col-inner text-center\"  >\n\t\t\t\n\t\t\t\n\n<a href=\"https:\/\/campinggavina.com\/wp-content\/uploads\/2026\/04\/Carta-Gavina-Restaurant.pdf\" target=\"_blank\" class=\"button success\" rel=\"noopener\" >\n\t<i class=\"icon-menu\" aria-hidden=\"true\"><\/i>\t<span>Menu<\/span>\n\t<\/a>\n\n\n\t<div id=\"text-3360403280\" class=\"text\">\n\t\t\n\n<h2 data-line-height=\"xs\"><span style=\"color: #0000ff;\"><a style=\"color: #0000ff;\" href=\"https:\/\/gavinarestaurant.com\/\">Reservieren Sie hier<\/a><\/span><\/h2>\n\t\t\n<style>\n#text-3360403280 {\n  font-size: 1.4rem;\n}\n<\/style>\n\t<\/div>\n\t\n\n\t\t<\/div>\n\t\t\t\t\n<style>\n#col-1040982192 > .col-inner {\n  margin: 0px 0px -26px 0px;\n}\n<\/style>\n\t<\/div>\n\n\t\n\n<\/div>\n\n\t\t<\/div>\n\n\t\t\n<style>\n#section_1857866040 {\n  padding-top: 0px;\n  padding-bottom: 0px;\n}\n#section_1857866040 .section-bg-overlay {\n  background-color: rgba(255, 255, 255, 0.302);\n}\n@media (min-width:850px) {\n  #section_1857866040 {\n    padding-top: 74px;\n    padding-bottom: 74px;\n  }\n}\n<\/style>\n\t<\/section>\n\t\n\n","protected":false},"excerpt":{"rendered":"","protected":false},"author":1,"featured_media":0,"parent":0,"menu_order":0,"comment_status":"closed","ping_status":"closed","template":"page-transparent-header-light.php","meta":{"footnotes":""},"class_list":["post-5403","page","type-page","status-publish","hentry"],"yoast_head":"<!-- This site is optimized with the Yoast SEO plugin v27.0 - https:\/\/yoast.com\/product\/yoast-seo-wordpress\/ -->\n<title>Gastronomia | Camping Gavina Village | Costa Daurada<\/title>\n<meta name=\"description\" content=\"Gastronomia - Camping Gavina Village. Restaurant \u00fanic a Creixell on es combina slow food i un entorn natural inigualable.\" \/>\n<meta name=\"robots\" content=\"index, follow, max-snippet:-1, max-image-preview:large, max-video-preview:-1\" \/>\n<link rel=\"canonical\" href=\"https:\/\/campinggavina.com\/de\/gastronomia\/\" \/>\n<meta property=\"og:locale\" content=\"de_DE\" \/>\n<meta property=\"og:type\" content=\"article\" \/>\n<meta property=\"og:title\" content=\"Gastronomia | Camping Gavina Village | Costa Daurada\" \/>\n<meta property=\"og:description\" content=\"Gastronomia - Camping Gavina Village. Restaurant \u00fanic a Creixell on es combina slow food i un entorn natural inigualable.\" \/>\n<meta property=\"og:url\" content=\"https:\/\/campinggavina.com\/de\/gastronomia\/\" \/>\n<meta property=\"og:site_name\" content=\"Camping Gavina Village\" \/>\n<meta property=\"article:modified_time\" content=\"2026-04-14T13:49:39+00:00\" \/>\n<meta name=\"twitter:card\" content=\"summary_large_image\" \/>\n<meta name=\"twitter:label1\" content=\"Gesch\u00e4tzte Lesezeit\" \/>\n\t<meta name=\"twitter:data1\" content=\"3\u00a0Minuten\" \/>\n<script type=\"application\/ld+json\" class=\"yoast-schema-graph\">{\"@context\":\"https:\/\/schema.org\",\"@graph\":[{\"@type\":\"WebPage\",\"@id\":\"https:\/\/campinggavina.com\/de\/gastronomia\/\",\"url\":\"https:\/\/campinggavina.com\/de\/gastronomia\/\",\"name\":\"Gastronomia | Camping Gavina Village | Costa Daurada\",\"isPartOf\":{\"@id\":\"https:\/\/campinggavina.com\/#website\"},\"datePublished\":\"2021-08-10T15:30:01+00:00\",\"dateModified\":\"2026-04-14T13:49:39+00:00\",\"description\":\"Gastronomia - Camping Gavina Village. Restaurant \u00fanic a Creixell on es combina slow food i un entorn natural inigualable.\",\"breadcrumb\":{\"@id\":\"https:\/\/campinggavina.com\/de\/gastronomia\/#breadcrumb\"},\"inLanguage\":\"de\",\"potentialAction\":[{\"@type\":\"ReadAction\",\"target\":[\"https:\/\/campinggavina.com\/de\/gastronomia\/\"]}]},{\"@type\":\"BreadcrumbList\",\"@id\":\"https:\/\/campinggavina.com\/de\/gastronomia\/#breadcrumb\",\"itemListElement\":[{\"@type\":\"ListItem\",\"position\":1,\"name\":\"Portada\",\"item\":\"https:\/\/campinggavina.com\/de\/\"},{\"@type\":\"ListItem\",\"position\":2,\"name\":\"GASTRONOMIE\"}]},{\"@type\":\"WebSite\",\"@id\":\"https:\/\/campinggavina.com\/#website\",\"url\":\"https:\/\/campinggavina.com\/\",\"name\":\"Camping Gavina Village\",\"description\":\"Unwind your experience\",\"potentialAction\":[{\"@type\":\"SearchAction\",\"target\":{\"@type\":\"EntryPoint\",\"urlTemplate\":\"https:\/\/campinggavina.com\/?s={search_term_string}\"},\"query-input\":{\"@type\":\"PropertyValueSpecification\",\"valueRequired\":true,\"valueName\":\"search_term_string\"}}],\"inLanguage\":\"de\"}]}<\/script>\n<!-- \/ Yoast SEO plugin. -->","yoast_head_json":{"title":"Gastronomia | Camping Gavina Village | Costa Daurada","description":"Gastronomia - Camping Gavina Village. Restaurant \u00fanic a Creixell on es combina slow food i un entorn natural inigualable.","robots":{"index":"index","follow":"follow","max-snippet":"max-snippet:-1","max-image-preview":"max-image-preview:large","max-video-preview":"max-video-preview:-1"},"canonical":"https:\/\/campinggavina.com\/de\/gastronomia\/","og_locale":"de_DE","og_type":"article","og_title":"Gastronomia | Camping Gavina Village | Costa Daurada","og_description":"Gastronomia - Camping Gavina Village. Restaurant \u00fanic a Creixell on es combina slow food i un entorn natural inigualable.","og_url":"https:\/\/campinggavina.com\/de\/gastronomia\/","og_site_name":"Camping Gavina Village","article_modified_time":"2026-04-14T13:49:39+00:00","twitter_card":"summary_large_image","twitter_misc":{"Gesch\u00e4tzte Lesezeit":"3\u00a0Minuten"},"schema":{"@context":"https:\/\/schema.org","@graph":[{"@type":"WebPage","@id":"https:\/\/campinggavina.com\/de\/gastronomia\/","url":"https:\/\/campinggavina.com\/de\/gastronomia\/","name":"Gastronomia | Camping Gavina Village | Costa Daurada","isPartOf":{"@id":"https:\/\/campinggavina.com\/#website"},"datePublished":"2021-08-10T15:30:01+00:00","dateModified":"2026-04-14T13:49:39+00:00","description":"Gastronomia - Camping Gavina Village. Restaurant \u00fanic a Creixell on es combina slow food i un entorn natural inigualable.","breadcrumb":{"@id":"https:\/\/campinggavina.com\/de\/gastronomia\/#breadcrumb"},"inLanguage":"de","potentialAction":[{"@type":"ReadAction","target":["https:\/\/campinggavina.com\/de\/gastronomia\/"]}]},{"@type":"BreadcrumbList","@id":"https:\/\/campinggavina.com\/de\/gastronomia\/#breadcrumb","itemListElement":[{"@type":"ListItem","position":1,"name":"Portada","item":"https:\/\/campinggavina.com\/de\/"},{"@type":"ListItem","position":2,"name":"GASTRONOMIE"}]},{"@type":"WebSite","@id":"https:\/\/campinggavina.com\/#website","url":"https:\/\/campinggavina.com\/","name":"Camping Gavina Village","description":"Unwind your experience","potentialAction":[{"@type":"SearchAction","target":{"@type":"EntryPoint","urlTemplate":"https:\/\/campinggavina.com\/?s={search_term_string}"},"query-input":{"@type":"PropertyValueSpecification","valueRequired":true,"valueName":"search_term_string"}}],"inLanguage":"de"}]}},"_links":{"self":[{"href":"https:\/\/campinggavina.com\/de\/wp-json\/wp\/v2\/pages\/5403","targetHints":{"allow":["GET"]}}],"collection":[{"href":"https:\/\/campinggavina.com\/de\/wp-json\/wp\/v2\/pages"}],"about":[{"href":"https:\/\/campinggavina.com\/de\/wp-json\/wp\/v2\/types\/page"}],"author":[{"embeddable":true,"href":"https:\/\/campinggavina.com\/de\/wp-json\/wp\/v2\/users\/1"}],"replies":[{"embeddable":true,"href":"https:\/\/campinggavina.com\/de\/wp-json\/wp\/v2\/comments?post=5403"}],"version-history":[{"count":51,"href":"https:\/\/campinggavina.com\/de\/wp-json\/wp\/v2\/pages\/5403\/revisions"}],"predecessor-version":[{"id":15225,"href":"https:\/\/campinggavina.com\/de\/wp-json\/wp\/v2\/pages\/5403\/revisions\/15225"}],"wp:attachment":[{"href":"https:\/\/campinggavina.com\/de\/wp-json\/wp\/v2\/media?parent=5403"}],"curies":[{"name":"wp","href":"https:\/\/api.w.org\/{rel}","templated":true}]}}