{"id":10766,"date":"2022-12-20T20:32:30","date_gmt":"2022-12-20T20:32:30","guid":{"rendered":"https:\/\/campinggavina.com\/?page_id=10766"},"modified":"2024-01-17T16:26:40","modified_gmt":"2024-01-17T16:26:40","slug":"yoga","status":"publish","type":"page","link":"https:\/\/campinggavina.com\/ca\/yoga\/","title":{"rendered":"Yoga"},"content":{"rendered":"\n\n  <div class=\"banner has-hover\" id=\"banner-1063821562\">\n          <div class=\"banner-inner fill\">\n        <div class=\"banner-bg fill\" >\n            <img loading=\"lazy\" decoding=\"async\" width=\"1920\" height=\"1256\" src=\"https:\/\/campinggavina.com\/wp-content\/uploads\/2022\/11\/YOGA3.webp\" class=\"bg attachment-original size-original\" alt=\"\" \/>                        <div class=\"overlay\"><\/div>            \n                    <\/div>\n\t\t\n        <div class=\"banner-layers container\">\n            <div class=\"fill banner-link\"><\/div>            \n\n   <div id=\"text-box-377319932\" class=\"text-box banner-layer x50 md-x50 lg-x50 y50 md-y50 lg-y50 res-text\">\n                                <div class=\"text-box-content text dark\">\n              \n              <div class=\"text-inner text-center\">\n                  \n\n<h1 class=\"uppercase\">YOGA<\/h1>\n\n              <\/div>\n           <\/div>\n                            \n<style>\n#text-box-377319932 {\n  width: 80%;\n}\n#text-box-377319932 .text-box-content {\n  font-size: 100%;\n}\n@media (min-width:550px) {\n  #text-box-377319932 {\n    width: 60%;\n  }\n}\n<\/style>\n    <\/div>\n \n\t<div class=\"img has-hover show-for-small x50 md-x50 lg-x50 y100 md-y50 lg-y50\" id=\"image_301711303\">\n\t\t\t\t\t\t\t\t<div class=\"img-inner dark\" >\n\t\t\t\t\t\t\t\t\t\n\t\t\t\t\t<\/div>\n\t\t\t\t\t\t\t\t\n<style>\n#image_301711303 {\n  width: 100%;\n}\n<\/style>\n\t<\/div>\n\t\n\n\n        <\/div>\n      <\/div>\n\n            \n<style>\n#banner-1063821562 {\n  padding-top: 584px;\n}\n#banner-1063821562 .overlay {\n  background-color: rgba(0, 0, 0, 0.471);\n}\n#banner-1063821562 .banner-bg img {\n  object-position: 76% 38%;\n}\n@media (min-width:550px) {\n  #banner-1063821562 {\n    padding-top: 850px;\n  }\n}\n<\/style>\n  <\/div>\n\n\n\n\t<section class=\"section\" id=\"section_2038391275\">\n\t\t<div class=\"section-bg fill\" >\n\t\t\t\t\t\t\t\t\t\n\t\t\t\n\n\t\t<\/div>\n\n\t\t\n\n\t\t<div class=\"section-content relative\">\n\t\t\t\n\n<div class=\"row\"  id=\"row-900412322\">\n\n\n\t<div id=\"col-1881241698\" class=\"col small-12 large-12\"  >\n\t\t\t\t<div class=\"col-inner text-center\"  >\n\t\t\t\n\t\t\t\n\n<h3><span style=\"font-size: 140%;\">Vols formar part de l&#8217;experi\u00e8ncia iogui m\u00e9s exclusiva en plena natura?<\/span><\/h3>\n<p><span style=\"font-size: 140%;\">A Camping Gavina Village tens tots els ingredients per gaudir de la pr\u00e0ctica del ioga en un immillorable entorn. Descansa, activa&#8217;t en cos, \u00e0nima i ment i posa en pr\u00e0ctica la teva passi\u00f3 pel ioga durant les vacances.<\/span><\/p>\n\n\t\t<\/div>\n\t\t\t\t\t<\/div>\n\n\t\n\n<\/div>\n<div class=\"row row-collapse align-middle\" style=\"max-width:1400px\" id=\"row-1310799537\">\n\n\n\t<div id=\"col-1546843577\" class=\"col medium-12 small-12 large-5\"  >\n\t\t\t\t<div class=\"col-inner\"  >\n\t\t\t\n\t\t\t\n\n\n  <div class=\"banner has-hover\" id=\"banner-337841235\">\n          <div class=\"banner-inner fill\">\n        <div class=\"banner-bg fill\" >\n            <img loading=\"lazy\" decoding=\"async\" width=\"800\" height=\"533\" src=\"https:\/\/campinggavina.com\/wp-content\/uploads\/2022\/11\/YOGA4.webp\" class=\"bg attachment-original size-original\" alt=\"\" \/>                                    \n                    <\/div>\n\t\t\n        <div class=\"banner-layers container\">\n            <div class=\"fill banner-link\"><\/div>            \n\n\n        <\/div>\n      <\/div>\n\n            \n<style>\n#banner-337841235 {\n  padding-top: 250px;\n  background-color: rgb(239, 241, 241);\n}\n#banner-337841235 .banner-bg img {\n  object-position: 25% 78%;\n}\n@media (min-width:550px) {\n  #banner-337841235 {\n    padding-top: 400px;\n  }\n}\n<\/style>\n  <\/div>\n\n\n\n\t\t<\/div>\n\t\t\t\t\n<style>\n#col-1546843577 > .col-inner {\n  margin: 0px 0px 0px 0;\n}\n<\/style>\n\t<\/div>\n\n\t\n\n\t<div id=\"col-525511380\" class=\"col medium-11 small-12 large-7\"  >\n\t\t\t\t<div class=\"col-inner\"  >\n\t\t\t\n\t<div class=\"is-border\"\n\t\tstyle=\"border-color:rgb(118, 125, 115);border-width:1px 1px 1px 1;\">\n\t<\/div>\n\t\t\t\n\n<p><span style=\"font-size: 120%;\">El nostre equip d\u00b4animaci\u00f3 proposa classes de ioga i sessions de relaxaci\u00f3, matutines i nocturnes a peu de platja de Creixell, considerada Espai d&#8217;Inter\u00e8s Natural. Totes les sessions s\u00f3n accessibles per a totes les edats. I pots complementar amb la pr\u00e0ctica de Sup Yoga: una modalitat que es fa sobre una taula de p\u00e0del surf, on practicar\u00e0s l&#8217;equilibri, la concentraci\u00f3 i la respiraci\u00f3.<\/span><\/p>\n<p><span style=\"font-size: 120%;\">Viure un capvespre m\u00e0gic al mig del mar, fent una salutaci\u00f3 al sol sobre una taula de p\u00e0del surf \u00e9s una experi\u00e8ncia que no et pots perdre durant les teves vacances a Creixell.<\/span><\/p>\n\t<div id=\"gap-1375146278\" class=\"gap-element clearfix\" style=\"display:block; height:auto;\">\n\t\t\n<style>\n#gap-1375146278 {\n  padding-top: 5px;\n}\n<\/style>\n\t<\/div>\n\t\n\n\n\t\t<\/div>\n\t\t\t\t\n<style>\n#col-525511380 > .col-inner {\n  padding: 24px 26px 0px 27px;\n  margin: 0px 0px 0px 0;\n}\n@media (min-width:550px) {\n  #col-525511380 > .col-inner {\n    padding: 0px 0px 0px 0;\n    margin: 0px 0px 0px -32px;\n  }\n}\n@media (min-width:850px) {\n  #col-525511380 > .col-inner {\n    padding: 5% 15% 5% 15%;\n  }\n}\n<\/style>\n\t<\/div>\n\n\t\n\n<\/div>\n\t<div id=\"gap-256284807\" class=\"gap-element clearfix\" style=\"display:block; height:auto;\">\n\t\t\n<style>\n#gap-256284807 {\n  padding-top: 80px;\n}\n<\/style>\n\t<\/div>\n\t\n\n<div class=\"row row-collapse align-middle\" style=\"max-width:1400px\" id=\"row-1972166081\">\n\n\n\t<div id=\"col-679567090\" class=\"col medium-11 small-12 large-7\"  >\n\t\t\t\t<div class=\"col-inner\"  >\n\t\t\t\n\t<div class=\"is-border\"\n\t\tstyle=\"border-color:rgb(118, 125, 115);border-width:1px 1px 1px 1;\">\n\t<\/div>\n\t\t\t\n\n\t<div id=\"text-1339726697\" class=\"text\">\n\t\t\n\n<h2 data-line-height=\"s\">Yoga en plena naturalesa<\/h2>\n\t\t\n<style>\n#text-1339726697 {\n  font-size: 1.4rem;\n  color: #767d73;\n}\n#text-1339726697 > * {\n  color: #767d73;\n}\n<\/style>\n\t<\/div>\n\t\n<p><span style=\"font-size: 120%;\">Entenem el ioga i mindfulness com una experi\u00e8ncia d&#8217;autoconeixement, un viatge interior al moment present, a trav\u00e9s de la pr\u00e0ctica de Asanas (postures) i Pranayama (control de la respiraci\u00f3). Aix\u00ed, l&#8217;equip del C\u00e0mping Gavina Village vam dissenyar fins a l&#8217;\u00faltim detall per aconseguir un ambient realment acollidor i c\u00e0lid perqu\u00e8 connectis amb la natura. Som un c\u00e0mping familiar, \u00edntim i tranquil amb tot all\u00f2 necessari per a la pr\u00e0ctica del Ioga<\/span><\/p>\n<p><span style=\"font-size: 120%;\">No us perdeu l&#8217;oportunitat de desconnectar de la rutina i connectar amb el vostre \u00e9sser interior i integrar-vos amb la natura en un dels paradisos de la Costa Daurada.<\/span><\/p>\n<p>\u00a0<\/p>\n<p>\u00a0<\/p>\n\t<div id=\"gap-1880452949\" class=\"gap-element clearfix\" style=\"display:block; height:auto;\">\n\t\t\n<style>\n#gap-1880452949 {\n  padding-top: 5px;\n}\n<\/style>\n\t<\/div>\n\t\n\n\n\t\t<\/div>\n\t\t\t\t\n<style>\n#col-679567090 > .col-inner {\n  padding: 24px 26px 0px 27px;\n  margin: 0px 0px 0px 0;\n}\n@media (min-width:550px) {\n  #col-679567090 > .col-inner {\n    padding: 0px 0px 0px 0;\n    margin: 0px 0px 0px 0px;\n  }\n}\n@media (min-width:850px) {\n  #col-679567090 > .col-inner {\n    padding: 5% 15% 5% 15%;\n  }\n}\n<\/style>\n\t<\/div>\n\n\t\n\n\t<div id=\"col-81891111\" class=\"col medium-12 small-12 large-5\"  >\n\t\t\t\t<div class=\"col-inner\"  >\n\t\t\t\n\t\t\t\n\n\n  <div class=\"banner has-hover\" id=\"banner-2090072434\">\n          <div class=\"banner-inner fill\">\n        <div class=\"banner-bg fill\" >\n            <img loading=\"lazy\" decoding=\"async\" width=\"1000\" height=\"333\" src=\"https:\/\/campinggavina.com\/wp-content\/uploads\/2022\/11\/YOGA5.webp\" class=\"bg attachment-original size-original\" alt=\"\" \/>                                    \n                    <\/div>\n\t\t\n        <div class=\"banner-layers container\">\n            <div class=\"fill banner-link\"><\/div>            \n\n\n        <\/div>\n      <\/div>\n\n            \n<style>\n#banner-2090072434 {\n  padding-top: 250px;\n  background-color: rgb(239, 241, 241);\n}\n#banner-2090072434 .banner-bg img {\n  object-position: 62% 41%;\n}\n@media (min-width:550px) {\n  #banner-2090072434 {\n    padding-top: 400px;\n  }\n}\n<\/style>\n  <\/div>\n\n\n\n\t\t<\/div>\n\t\t\t\t\n<style>\n#col-81891111 > .col-inner {\n  margin: 0px 0px 0px -32px;\n}\n<\/style>\n\t<\/div>\n\n\t\n\n<\/div>\n\n\t\t<\/div>\n\n\t\t\n<style>\n#section_2038391275 {\n  padding-top: 55px;\n  padding-bottom: 55px;\n}\n@media (min-width:550px) {\n  #section_2038391275 {\n    padding-top: 0px;\n    padding-bottom: 0px;\n  }\n}\n@media (min-width:850px) {\n  #section_2038391275 {\n    padding-top: 91px;\n    padding-bottom: 91px;\n  }\n}\n<\/style>\n\t<\/section>\n\t\n\n\t<section class=\"section\" id=\"section_744271494\">\n\t\t<div class=\"section-bg fill\" >\n\t\t\t\t\t\t\t\t\t<div class=\"section-bg-overlay absolute fill\"><\/div>\n\t\t\t\n\n\t\t<\/div>\n\n\t\t\n\n\t\t<div class=\"section-content relative\">\n\t\t\t\n\n<div class=\"row row-large align-middle align-center\"  id=\"row-17101420\">\n\n\n\t<div id=\"col-1018679599\" class=\"col medium-7 small-12 large-7\"  >\n\t\t\t\t<div class=\"col-inner text-center\"  >\n\t\t\t\n\t\t\t\n\n\t<div id=\"text-1354983005\" class=\"text\">\n\t\t\n\n<h2 data-line-height=\"M\">Consulta la programaci\u00f3 de yoga i meditaci\u00f3 del Camping Gavina Village<\/h2>\n\t\t\n<style>\n#text-1354983005 {\n  font-size: 1.4rem;\n  color: #767d73;\n}\n#text-1354983005 > * {\n  color: #767d73;\n}\n<\/style>\n\t<\/div>\n\t\n\t<div id=\"gap-1448820637\" class=\"gap-element clearfix\" style=\"display:block; height:auto;\">\n\t\t\n<style>\n#gap-1448820637 {\n  padding-top: 30px;\n}\n<\/style>\n\t<\/div>\n\t\n\n<a class=\"button success is-outline\" >\n\t<i class=\"icon-angle-right\" aria-hidden=\"true\"><\/i>\t<span>CONSULTA EL PROGRAMA D'ANIMACI\u00d3<\/span>\n\t<\/a>\n\n\n\n\t\t<\/div>\n\t\t\t\t\t<\/div>\n\n\t\n\n<\/div>\n\n\t\t<\/div>\n\n\t\t\n<style>\n#section_744271494 {\n  padding-top: 0px;\n  padding-bottom: 0px;\n}\n#section_744271494 .section-bg-overlay {\n  background-color: rgba(255, 255, 255, 0.302);\n}\n@media (min-width:850px) {\n  #section_744271494 {\n    padding-top: 74px;\n    padding-bottom: 74px;\n  }\n}\n<\/style>\n\t<\/section>\n\t\n\n","protected":false},"excerpt":{"rendered":"","protected":false},"author":1,"featured_media":0,"parent":0,"menu_order":0,"comment_status":"closed","ping_status":"closed","template":"page-blank.php","meta":{"footnotes":""},"class_list":["post-10766","page","type-page","status-publish","hentry"],"yoast_head":"<!-- This site is optimized with the Yoast SEO plugin v27.0 - https:\/\/yoast.com\/product\/yoast-seo-wordpress\/ -->\n<title>Yoga - Camping Gavina Village<\/title>\n<meta name=\"robots\" content=\"index, follow, max-snippet:-1, max-image-preview:large, max-video-preview:-1\" \/>\n<link rel=\"canonical\" href=\"https:\/\/campinggavina.com\/ca\/yoga\/\" \/>\n<meta property=\"og:locale\" content=\"ca_ES\" \/>\n<meta property=\"og:type\" content=\"article\" \/>\n<meta property=\"og:title\" content=\"Yoga - Camping Gavina Village\" \/>\n<meta property=\"og:url\" content=\"https:\/\/campinggavina.com\/ca\/yoga\/\" \/>\n<meta property=\"og:site_name\" content=\"Camping Gavina Village\" \/>\n<meta property=\"article:modified_time\" content=\"2024-01-17T16:26:40+00:00\" \/>\n<meta name=\"twitter:card\" content=\"summary_large_image\" \/>\n<script type=\"application\/ld+json\" class=\"yoast-schema-graph\">{\"@context\":\"https:\/\/schema.org\",\"@graph\":[{\"@type\":\"WebPage\",\"@id\":\"https:\/\/campinggavina.com\/ca\/yoga\/\",\"url\":\"https:\/\/campinggavina.com\/ca\/yoga\/\",\"name\":\"Yoga - Camping Gavina Village\",\"isPartOf\":{\"@id\":\"https:\/\/campinggavina.com\/#website\"},\"datePublished\":\"2022-12-20T20:32:30+00:00\",\"dateModified\":\"2024-01-17T16:26:40+00:00\",\"breadcrumb\":{\"@id\":\"https:\/\/campinggavina.com\/ca\/yoga\/#breadcrumb\"},\"inLanguage\":\"ca\",\"potentialAction\":[{\"@type\":\"ReadAction\",\"target\":[\"https:\/\/campinggavina.com\/ca\/yoga\/\"]}]},{\"@type\":\"BreadcrumbList\",\"@id\":\"https:\/\/campinggavina.com\/ca\/yoga\/#breadcrumb\",\"itemListElement\":[{\"@type\":\"ListItem\",\"position\":1,\"name\":\"Portada\",\"item\":\"https:\/\/campinggavina.com\/ca\/\"},{\"@type\":\"ListItem\",\"position\":2,\"name\":\"Yoga\"}]},{\"@type\":\"WebSite\",\"@id\":\"https:\/\/campinggavina.com\/#website\",\"url\":\"https:\/\/campinggavina.com\/\",\"name\":\"Camping Gavina Village\",\"description\":\"Unwind your experience\",\"potentialAction\":[{\"@type\":\"SearchAction\",\"target\":{\"@type\":\"EntryPoint\",\"urlTemplate\":\"https:\/\/campinggavina.com\/?s={search_term_string}\"},\"query-input\":{\"@type\":\"PropertyValueSpecification\",\"valueRequired\":true,\"valueName\":\"search_term_string\"}}],\"inLanguage\":\"ca\"}]}<\/script>\n<!-- \/ Yoast SEO plugin. -->","yoast_head_json":{"title":"Yoga - Camping Gavina Village","robots":{"index":"index","follow":"follow","max-snippet":"max-snippet:-1","max-image-preview":"max-image-preview:large","max-video-preview":"max-video-preview:-1"},"canonical":"https:\/\/campinggavina.com\/ca\/yoga\/","og_locale":"ca_ES","og_type":"article","og_title":"Yoga - Camping Gavina Village","og_url":"https:\/\/campinggavina.com\/ca\/yoga\/","og_site_name":"Camping Gavina Village","article_modified_time":"2024-01-17T16:26:40+00:00","twitter_card":"summary_large_image","schema":{"@context":"https:\/\/schema.org","@graph":[{"@type":"WebPage","@id":"https:\/\/campinggavina.com\/ca\/yoga\/","url":"https:\/\/campinggavina.com\/ca\/yoga\/","name":"Yoga - Camping Gavina Village","isPartOf":{"@id":"https:\/\/campinggavina.com\/#website"},"datePublished":"2022-12-20T20:32:30+00:00","dateModified":"2024-01-17T16:26:40+00:00","breadcrumb":{"@id":"https:\/\/campinggavina.com\/ca\/yoga\/#breadcrumb"},"inLanguage":"ca","potentialAction":[{"@type":"ReadAction","target":["https:\/\/campinggavina.com\/ca\/yoga\/"]}]},{"@type":"BreadcrumbList","@id":"https:\/\/campinggavina.com\/ca\/yoga\/#breadcrumb","itemListElement":[{"@type":"ListItem","position":1,"name":"Portada","item":"https:\/\/campinggavina.com\/ca\/"},{"@type":"ListItem","position":2,"name":"Yoga"}]},{"@type":"WebSite","@id":"https:\/\/campinggavina.com\/#website","url":"https:\/\/campinggavina.com\/","name":"Camping Gavina Village","description":"Unwind your experience","potentialAction":[{"@type":"SearchAction","target":{"@type":"EntryPoint","urlTemplate":"https:\/\/campinggavina.com\/?s={search_term_string}"},"query-input":{"@type":"PropertyValueSpecification","valueRequired":true,"valueName":"search_term_string"}}],"inLanguage":"ca"}]}},"_links":{"self":[{"href":"https:\/\/campinggavina.com\/ca\/wp-json\/wp\/v2\/pages\/10766","targetHints":{"allow":["GET"]}}],"collection":[{"href":"https:\/\/campinggavina.com\/ca\/wp-json\/wp\/v2\/pages"}],"about":[{"href":"https:\/\/campinggavina.com\/ca\/wp-json\/wp\/v2\/types\/page"}],"author":[{"embeddable":true,"href":"https:\/\/campinggavina.com\/ca\/wp-json\/wp\/v2\/users\/1"}],"replies":[{"embeddable":true,"href":"https:\/\/campinggavina.com\/ca\/wp-json\/wp\/v2\/comments?post=10766"}],"version-history":[{"count":7,"href":"https:\/\/campinggavina.com\/ca\/wp-json\/wp\/v2\/pages\/10766\/revisions"}],"predecessor-version":[{"id":12093,"href":"https:\/\/campinggavina.com\/ca\/wp-json\/wp\/v2\/pages\/10766\/revisions\/12093"}],"wp:attachment":[{"href":"https:\/\/campinggavina.com\/ca\/wp-json\/wp\/v2\/media?parent=10766"}],"curies":[{"name":"wp","href":"https:\/\/api.w.org\/{rel}","templated":true}]}}